{"id":3118,"date":"2022-10-20T15:31:21","date_gmt":"2022-10-20T15:31:21","guid":{"rendered":"https:\/\/ide-tech.com\/?page_id=3118"},"modified":"2025-07-29T16:21:28","modified_gmt":"2025-07-29T16:21:28","slug":"osmosis-inversa","status":"publish","type":"page","link":"https:\/\/ide-tech.com\/es\/soluciones-de-agua\/desalacion-de-agua-de-mar\/osmosis-inversa\/","title":{"rendered":"Desalaci\u00f3n por \u00f3smosis inversa"},"content":{"rendered":"<h3><img loading=\"lazy\" decoding=\"async\" class=\" wp-image-5419 alignright\" src=\"https:\/\/ide-tech.com\/wp-content\/uploads\/2023\/01\/circles-1-50.svg\" alt=\"\" width=\"100\" height=\"83\" \/><\/h3>\n<p>&nbsp;<\/p>\n<h3><strong><span data-preserver-spaces=\"true\">L\u00edderes en desalaci\u00f3n por \u00f3smosis inversa\u00a0<\/span><\/strong><\/h3>\n<p><span style=\"font-weight: 400;\">Para que la desalaci\u00f3n sea una soluci\u00f3n sostenible, asequible y a largo plazo para las necesidades h\u00eddricas del planeta, se pretende que sea neutra en carbono. IDE mejora constantemente el dise\u00f1o de sus desaladoras para minimizar su huella de carbono.\u00a0 Un entorno de trabajo seguro y saludable es una prioridad fundamental para IDE, y para lograrlo, trabajamos en estrecha colaboraci\u00f3n con nuestros clientes para garantizar su \u00e9xito y crecimiento.<\/span><\/p>\n<p><span style=\"font-weight: 400;\"> <img loading=\"lazy\" decoding=\"async\" class=\"wp-image-5427 alignleft\" src=\"https:\/\/ide-tech.com\/wp-content\/uploads\/2023\/01\/bullet-circle-wave.svg\" alt=\"\" width=\"26\" height=\"20\" \/><strong>Flexibilidad<\/strong>: ID<\/span><span style=\"font-weight: 400;\">E ofrece desaladoras modulares, tanto a peque\u00f1a como a gran escala.<\/span><\/p>\n<p><span style=\"font-weight: 400;\"><img loading=\"lazy\" decoding=\"async\" class=\"wp-image-5427 alignleft\" src=\"https:\/\/ide-tech.com\/wp-content\/uploads\/2023\/01\/bullet-circle-wave.svg\" alt=\"\" width=\"26\" height=\"20\" \/> <strong>Capacidad: <\/strong><\/span><span style=\"font-weight: 400;\">hemos construido desaladoras capaces de desalinizar m\u00e1s de 3,5 millones de m\u00b3\/d\u00eda.<\/span><\/p>\n<p><span style=\"font-weight: 400;\"><img loading=\"lazy\" decoding=\"async\" class=\"wp-image-5427 alignleft\" src=\"https:\/\/ide-tech.com\/wp-content\/uploads\/2023\/01\/bullet-circle-wave.svg\" alt=\"\" width=\"26\" height=\"20\" \/> <strong>Experiencia demostrada<\/strong>: <\/span><span style=\"font-weight: 400;\">cerca de 60 a\u00f1os de \u00e9xito en desalaci\u00f3n han demostrado la capacidad de IDE para entregar proyectos complejos a tiempo, dentro del presupuesto y cumpliendo con los est\u00e1ndares de nuestros clientes, a menudo superando sus expectativas.<\/span><\/p>\n<p><span style=\"font-weight: 400;\">IDE estableci\u00f3 un nuevo punto de referencia para el precio del agua desalada en algunas de las desaladoras m\u00e1s grandes adquiridas en virtud de concesiones de proyectos h\u00eddricos (BOT, IWP, BOOT) (por ejemplo, Hadera, Soreq 1, Soreq 2).<\/span><\/p>\n<p>&nbsp;<\/p>\n<h3><img loading=\"lazy\" decoding=\"async\" class=\" wp-image-5441 alignleft\" src=\"https:\/\/ide-tech.com\/wp-content\/uploads\/2023\/01\/wave-blue-light-side.svg\" alt=\"\" width=\"17\" height=\"125\" \/><\/h3>\n<h3><strong>Menor coste de propiedad<\/strong><\/h3>\n<p><span style=\"font-weight: 400;\">Las plantas de <\/span><span style=\"font-weight: 400;\">desalaci\u00f3n por \u00f3smosis inversa<\/span><span style=\"font-weight: 400;\"> de IDE ofrecen los costes de agua m\u00e1s bajos del sector durante toda la vida \u00fatil de la planta, gracias a:<\/span><\/p>\n<blockquote><p><span style=\"font-weight: 400;\"><img loading=\"lazy\" decoding=\"async\" class=\"wp-image-5427 alignleft\" src=\"https:\/\/ide-tech.com\/wp-content\/uploads\/2023\/01\/bullet-circle-wave.svg\" alt=\"\" width=\"26\" height=\"20\" \/><strong>Sistemas de pretratamiento personalizados<\/strong>: <\/span><span style=\"font-weight: 400;\">aseguran la m\u00e1xima longevidad de la <\/span><span style=\"font-weight: 400;\">membrana de desalaci\u00f3n de RO<\/span><span style=\"font-weight: 400;\">.\u00a0<\/span><\/p>\n<p><span style=\"font-weight: 400;\"><img loading=\"lazy\" decoding=\"async\" class=\"wp-image-5427 alignleft\" src=\"https:\/\/ide-tech.com\/wp-content\/uploads\/2023\/01\/bullet-circle-wave.svg\" alt=\"\" width=\"26\" height=\"20\" \/><strong>Dise\u00f1o exclusivo del centro de presi\u00f3n<\/strong>: combinaci\u00f3n de bombas de alta presi\u00f3n y m\u00e1xima eficiencia\u00a0 y otros elementos de dise\u00f1o de procesos para aumentar la flexibilidad operativa, minimizando el tiempo de inactividad,\u00a0 reduciendo el consumo energ\u00e9tico y los costes.<\/span><\/p>\n<p><span style=\"font-weight: 400;\"><img loading=\"lazy\" decoding=\"async\" class=\"wp-image-5427 alignleft\" src=\"https:\/\/ide-tech.com\/wp-content\/uploads\/2023\/01\/bullet-circle-wave.svg\" alt=\"\" width=\"26\" height=\"20\" \/><strong>Configuraci\u00f3n \u00fanica de la membrana:<\/strong> <\/span><span style=\"font-weight: 400;\">se aumenta la eficiencia minimizando la inversi\u00f3n.<\/span><\/p><\/blockquote>\n<p>&nbsp;<\/p>\n<h3><strong>Ahorro de tiempo y dinero con un enfoque de dise\u00f1o modular prefabricado para desaladoras<\/strong><\/h3>\n<p>IDE ha desarrollado una soluci\u00f3n econ\u00f3mica y sostenible para la construcci\u00f3n de desaladoras que reduce dr\u00e1sticamente el tiempo de instalaci\u00f3n hasta en un 70 % y ofrece un ahorro significativo en CAPEX y OPEX. El dise\u00f1o modular \u00fanico, altamente preingenierizado y premontado minimiza el costoso tiempo de instalaci\u00f3n in situ.<\/p>\n<p><strong><span style=\"font-weight: 400;\"><img loading=\"lazy\" decoding=\"async\" class=\"wp-image-5427 alignleft\" src=\"https:\/\/ide-tech.com\/wp-content\/uploads\/2023\/01\/bullet-circle-wave.svg\" alt=\"\" width=\"26\" height=\"20\" data-wp-editing=\"1\" \/><\/span>Dise\u00f1o modular<\/strong>: los grandes m\u00f3dulos de 12 skids pueden producir hasta 32 000 m3\/d\u00eda de agua tratada. Su dise\u00f1o modular permite el montaje plug-and-play (enchufar y poner en marcha) del sistema. El n\u00famero de m\u00f3dulos se puede ajustar seg\u00fan las necesidades del cliente. Adem\u00e1s,\u00a0 cualquier planta se puede ampliar f\u00e1cilmente para satisfacer las necesidades cambiantes.<\/p>\n<p><strong><span style=\"font-weight: 400;\"><img loading=\"lazy\" decoding=\"async\" class=\"wp-image-5427 alignleft\" src=\"https:\/\/ide-tech.com\/wp-content\/uploads\/2023\/01\/bullet-circle-wave.svg\" alt=\"\" width=\"26\" height=\"20\" \/><\/span>Rentable<\/strong>: cada m\u00f3dulo est\u00e1 dimensionado con precisi\u00f3n para encajar en un contenedor de 12,2 metros. Esto permite un transporte r\u00e1pido y rentable a la desaladora, al tiempo que reduce el tiempo total de instalaci\u00f3n del tren en la ubicaci\u00f3n designada.<\/p>\n<p><strong><span style=\"font-weight: 400;\"><img loading=\"lazy\" decoding=\"async\" class=\"wp-image-5427 alignleft\" src=\"https:\/\/ide-tech.com\/wp-content\/uploads\/2023\/01\/bullet-circle-wave.svg\" alt=\"\" width=\"26\" height=\"20\" \/><\/span>Eficiencia energ\u00e9tica<\/strong>:  tambi\u00e9n se puede a\u00f1adir un sistema de recuperaci\u00f3n de energ\u00eda montado en m\u00f3dulos como parte del dise\u00f1o general. Esto hace que el sistema sea muy eficiente desde el punto de vista energ\u00e9tico.<\/p>\n<p><span style=\"font-weight: 400;\">\u00a0<\/span><\/p>\n<p>&nbsp;<\/p>\n<p><img loading=\"lazy\" decoding=\"async\" class=\"wp-image-5833 alignleft\" src=\"https:\/\/ide-tech.com\/wp-content\/uploads\/2023\/01\/Hadera_-shutterstock_1879293100-300x200.jpg\" alt=\"\" width=\"557\" height=\"371\" srcset=\"https:\/\/ide-tech.com\/wp-content\/uploads\/2023\/01\/Hadera_-shutterstock_1879293100-300x200.jpg 300w, https:\/\/ide-tech.com\/wp-content\/uploads\/2023\/01\/Hadera_-shutterstock_1879293100-1024x682.jpg 1024w, https:\/\/ide-tech.com\/wp-content\/uploads\/2023\/01\/Hadera_-shutterstock_1879293100-768x512.jpg 768w, https:\/\/ide-tech.com\/wp-content\/uploads\/2023\/01\/Hadera_-shutterstock_1879293100-1536x1023.jpg 1536w, https:\/\/ide-tech.com\/wp-content\/uploads\/2023\/01\/Hadera_-shutterstock_1879293100-2048x1364.jpg 2048w\" sizes=\"auto, (max-width: 557px) 100vw, 557px\" \/><strong><img loading=\"lazy\" decoding=\"async\" class=\"alignnone wp-image-5439\" src=\"https:\/\/ide-tech.com\/wp-content\/uploads\/2023\/01\/turkiz-wave-small.svg\" alt=\"\" width=\"120\" height=\"26\" \/><\/strong><\/p>\n<h3><b>Modelos de adquisici\u00f3n de desalaci\u00f3n por \u00f3smosis inversa<\/b><\/h3>\n<p><span style=\"font-weight: 400;\">IDE cuenta con una probada trayectoria en la ejecuci\u00f3n de proyectos bajo diversos modelos de contrataci\u00f3n, tales como EPC, llave en mano, BOT, concesiones, DBOM, etc.\u00a0<\/span><\/p>\n<p>&nbsp;<\/p>\n<p>&nbsp;<\/p>\n<p>&nbsp;<\/p>\n<h3><strong>Tecnolog\u00eda de vanguardia\u00a0<\/strong><\/h3>\n<h3><img loading=\"lazy\" decoding=\"async\" class=\"size-medium wp-image-6464 alignright\" src=\"https:\/\/ide-tech.com\/wp-content\/uploads\/2023\/01\/WhatsApp-Image-2023-01-19-at-15.55.08-1-199x300.jpeg\" alt=\"\" width=\"199\" height=\"300\" srcset=\"https:\/\/ide-tech.com\/wp-content\/uploads\/2023\/01\/WhatsApp-Image-2023-01-19-at-15.55.08-1-199x300.jpeg 199w, https:\/\/ide-tech.com\/wp-content\/uploads\/2023\/01\/WhatsApp-Image-2023-01-19-at-15.55.08-1.jpeg 285w\" sizes=\"auto, (max-width: 199px) 100vw, 199px\" \/><\/h3>\n<p><span style=\"font-weight: 400;\">IDE cuenta con una larga trayectoria de avances tecnol\u00f3gicos. Estos son algunos de los m\u00e1s recientes:<\/span><\/p>\n<p><span style=\"font-weight: 400;\"><img loading=\"lazy\" decoding=\"async\" class=\"wp-image-5427 alignleft\" src=\"https:\/\/ide-tech.com\/wp-content\/uploads\/2023\/01\/bullet-circle-wave.svg\" alt=\"\" width=\"26\" height=\"20\" \/> <strong>Dise\u00f1o del centro de presi\u00f3n: <\/strong><\/span><span style=\"font-weight: 400;\">permite reducir el consumo energ\u00e9tico, aumentar la disponibilidad del sistema y mejorar la fiabilidad gracias a la eficiencia de las bombas de alta presi\u00f3n y los dispositivos de recuperaci\u00f3n de energ\u00eda.<\/span><\/p>\n<p><span style=\"font-weight: 400;\"><img loading=\"lazy\" decoding=\"async\" class=\"wp-image-5427 alignleft\" src=\"https:\/\/ide-tech.com\/wp-content\/uploads\/2023\/01\/bullet-circle-wave.svg\" alt=\"\" width=\"26\" height=\"20\" \/> <strong>Sistema de eliminaci\u00f3n de boro:<\/strong> un proceso patentado que elimina los iones de boro hasta concentraciones inferiores a 0,3 ppm, ajustando as\u00ed la calidad del agua para la agricultura.\u00a0<\/span><\/p>\n<p><span style=\"font-weight: 400;\"><img loading=\"lazy\" decoding=\"async\" class=\"wp-image-5427 alignleft\" src=\"https:\/\/ide-tech.com\/wp-content\/uploads\/2023\/01\/bullet-circle-wave.svg\" alt=\"\" width=\"26\" height=\"20\" \/> <strong>Dise\u00f1o modular MPD de IDE:<\/strong> un dise\u00f1o modular \u00fanico, altamente pre-ingenierizado y pre-ensamblado que minimiza el costoso tiempo de instalaci\u00f3n en el sitio. La fabricaci\u00f3n y el ensamblaje se realizan en un entorno controlado en nuestros talleres, incluyendo la mayor\u00eda de las soldaduras y accesorios de alta presi\u00f3n, lo que aumenta la calidad y fiabilidad del sistema.\u00a0\u00a0<\/span><\/p>\n<p>&nbsp;<\/p>\n","protected":false},"excerpt":{"rendered":"<p>&nbsp; L\u00edderes en desalaci\u00f3n por \u00f3smosis inversa\u00a0 Para que la desalaci\u00f3n sea una soluci\u00f3n sostenible, asequible y a largo plazo para las necesidades h\u00eddricas del planeta, se pretende que sea neutra en carbono. IDE mejora constantemente el dise\u00f1o de sus desaladoras para minimizar su huella de carbono.\u00a0 Un entorno de trabajo seguro y saludable es [&hellip;]<\/p>\n","protected":false},"author":28,"featured_media":4125,"parent":3116,"menu_order":115,"comment_status":"closed","ping_status":"closed","template":"page-reverseosmosis.php","meta":{"_acf_changed":false,"inline_featured_image":false,"footnotes":""},"class_list":["post-3118","page","type-page","status-publish","has-post-thumbnail","hentry"],"acf":[],"yoast_head":"<!-- This site is optimized with the Yoast SEO plugin v27.0 - https:\/\/yoast.com\/product\/yoast-seo-wordpress\/ -->\n<title>Agua de mar Desalaci\u00f3n por \u00f3smosis inversa | IDE Tech<\/title>\n<meta name=\"description\" content=\"Los sistemas de \u00f3smosis inversa de agua de mar de IDE ofrecen una desalaci\u00f3n eficiente, escalable y ecol\u00f3gica para obtener agua dulce fiable a partir de fuentes marinas.\" \/>\n<meta name=\"robots\" content=\"index, follow, max-snippet:-1, max-image-preview:large, max-video-preview:-1\" \/>\n<link rel=\"canonical\" href=\"https:\/\/ide-tech.com\/es\/soluciones-de-agua\/desalacion-de-agua-de-mar\/osmosis-inversa\/\" \/>\n<meta property=\"og:locale\" content=\"es_ES\" \/>\n<meta property=\"og:type\" content=\"article\" \/>\n<meta property=\"og:title\" content=\"Agua de mar Desalaci\u00f3n por \u00f3smosis inversa | IDE Tech\" \/>\n<meta property=\"og:description\" content=\"Los sistemas de \u00f3smosis inversa de agua de mar de IDE ofrecen una desalaci\u00f3n eficiente, escalable y ecol\u00f3gica para obtener agua dulce fiable a partir de fuentes marinas.\" \/>\n<meta property=\"og:url\" content=\"https:\/\/ide-tech.com\/es\/soluciones-de-agua\/desalacion-de-agua-de-mar\/osmosis-inversa\/\" \/>\n<meta property=\"og:site_name\" content=\"IDE Tech\" \/>\n<meta property=\"article:modified_time\" content=\"2025-07-29T16:21:28+00:00\" \/>\n<meta property=\"og:image\" content=\"https:\/\/ide-tech.com\/wp-content\/uploads\/2022\/12\/REVERSE-OSMOSIS.png\" \/>\n\t<meta property=\"og:image:width\" content=\"335\" \/>\n\t<meta property=\"og:image:height\" content=\"441\" \/>\n\t<meta property=\"og:image:type\" content=\"image\/png\" \/>\n<meta name=\"twitter:card\" content=\"summary_large_image\" \/>\n<meta name=\"twitter:label1\" content=\"Tiempo de lectura\" \/>\n\t<meta name=\"twitter:data1\" content=\"6 minutos\" \/>\n<script type=\"application\/ld+json\" class=\"yoast-schema-graph\">{\"@context\":\"https:\/\/schema.org\",\"@graph\":[{\"@type\":\"WebPage\",\"@id\":\"https:\/\/ide-tech.com\/es\/soluciones-de-agua\/desalacion-de-agua-de-mar\/osmosis-inversa\/\",\"url\":\"https:\/\/ide-tech.com\/es\/soluciones-de-agua\/desalacion-de-agua-de-mar\/osmosis-inversa\/\",\"name\":\"Agua de mar Desalaci\u00f3n por \u00f3smosis inversa | IDE Tech\",\"isPartOf\":{\"@id\":\"https:\/\/ide-tech.com\/en\/#website\"},\"primaryImageOfPage\":{\"@id\":\"https:\/\/ide-tech.com\/es\/soluciones-de-agua\/desalacion-de-agua-de-mar\/osmosis-inversa\/#primaryimage\"},\"image\":{\"@id\":\"https:\/\/ide-tech.com\/es\/soluciones-de-agua\/desalacion-de-agua-de-mar\/osmosis-inversa\/#primaryimage\"},\"thumbnailUrl\":\"https:\/\/ide-tech.com\/wp-content\/uploads\/2022\/12\/REVERSE-OSMOSIS.png\",\"datePublished\":\"2022-10-20T15:31:21+00:00\",\"dateModified\":\"2025-07-29T16:21:28+00:00\",\"description\":\"Los sistemas de \u00f3smosis inversa de agua de mar de IDE ofrecen una desalaci\u00f3n eficiente, escalable y ecol\u00f3gica para obtener agua dulce fiable a partir de fuentes marinas.\",\"breadcrumb\":{\"@id\":\"https:\/\/ide-tech.com\/es\/soluciones-de-agua\/desalacion-de-agua-de-mar\/osmosis-inversa\/#breadcrumb\"},\"inLanguage\":\"es\",\"potentialAction\":[{\"@type\":\"ReadAction\",\"target\":[\"https:\/\/ide-tech.com\/es\/soluciones-de-agua\/desalacion-de-agua-de-mar\/osmosis-inversa\/\"]}]},{\"@type\":\"ImageObject\",\"inLanguage\":\"es\",\"@id\":\"https:\/\/ide-tech.com\/es\/soluciones-de-agua\/desalacion-de-agua-de-mar\/osmosis-inversa\/#primaryimage\",\"url\":\"https:\/\/ide-tech.com\/wp-content\/uploads\/2022\/12\/REVERSE-OSMOSIS.png\",\"contentUrl\":\"https:\/\/ide-tech.com\/wp-content\/uploads\/2022\/12\/REVERSE-OSMOSIS.png\",\"width\":335,\"height\":441,\"caption\":\"IDE\u2019s seawater reverse osmosis (RO) systems\"},{\"@type\":\"BreadcrumbList\",\"@id\":\"https:\/\/ide-tech.com\/es\/soluciones-de-agua\/desalacion-de-agua-de-mar\/osmosis-inversa\/#breadcrumb\",\"itemListElement\":[{\"@type\":\"ListItem\",\"position\":1,\"name\":\"Home\",\"item\":\"https:\/\/ide-tech.com\/es\/hogar\/\"},{\"@type\":\"ListItem\",\"position\":2,\"name\":\"Soluciones h\u00eddricas\",\"item\":\"https:\/\/ide-tech.com\/es\/soluciones-de-agua\/\"},{\"@type\":\"ListItem\",\"position\":3,\"name\":\"Tecnolog\u00eda de desalaci\u00f3n de agua de mar\",\"item\":\"https:\/\/ide-tech.com\/es\/soluciones-de-agua\/desalacion-de-agua-de-mar\/\"},{\"@type\":\"ListItem\",\"position\":4,\"name\":\"Desalaci\u00f3n por \u00f3smosis inversa\"}]},{\"@type\":\"WebSite\",\"@id\":\"https:\/\/ide-tech.com\/en\/#website\",\"url\":\"https:\/\/ide-tech.com\/en\/\",\"name\":\"IDE Tech\",\"description\":\"Your Water Partner\",\"potentialAction\":[{\"@type\":\"SearchAction\",\"target\":{\"@type\":\"EntryPoint\",\"urlTemplate\":\"https:\/\/ide-tech.com\/en\/?s={search_term_string}\"},\"query-input\":{\"@type\":\"PropertyValueSpecification\",\"valueRequired\":true,\"valueName\":\"search_term_string\"}}],\"inLanguage\":\"es\"}]}<\/script>\n<!-- \/ Yoast SEO plugin. -->","yoast_head_json":{"title":"Agua de mar Desalaci\u00f3n por \u00f3smosis inversa | IDE Tech","description":"Los sistemas de \u00f3smosis inversa de agua de mar de IDE ofrecen una desalaci\u00f3n eficiente, escalable y ecol\u00f3gica para obtener agua dulce fiable a partir de fuentes marinas.","robots":{"index":"index","follow":"follow","max-snippet":"max-snippet:-1","max-image-preview":"max-image-preview:large","max-video-preview":"max-video-preview:-1"},"canonical":"https:\/\/ide-tech.com\/es\/soluciones-de-agua\/desalacion-de-agua-de-mar\/osmosis-inversa\/","og_locale":"es_ES","og_type":"article","og_title":"Agua de mar Desalaci\u00f3n por \u00f3smosis inversa | IDE Tech","og_description":"Los sistemas de \u00f3smosis inversa de agua de mar de IDE ofrecen una desalaci\u00f3n eficiente, escalable y ecol\u00f3gica para obtener agua dulce fiable a partir de fuentes marinas.","og_url":"https:\/\/ide-tech.com\/es\/soluciones-de-agua\/desalacion-de-agua-de-mar\/osmosis-inversa\/","og_site_name":"IDE Tech","article_modified_time":"2025-07-29T16:21:28+00:00","og_image":[{"width":335,"height":441,"url":"https:\/\/ide-tech.com\/wp-content\/uploads\/2022\/12\/REVERSE-OSMOSIS.png","type":"image\/png"}],"twitter_card":"summary_large_image","twitter_misc":{"Tiempo de lectura":"6 minutos"},"schema":{"@context":"https:\/\/schema.org","@graph":[{"@type":"WebPage","@id":"https:\/\/ide-tech.com\/es\/soluciones-de-agua\/desalacion-de-agua-de-mar\/osmosis-inversa\/","url":"https:\/\/ide-tech.com\/es\/soluciones-de-agua\/desalacion-de-agua-de-mar\/osmosis-inversa\/","name":"Agua de mar Desalaci\u00f3n por \u00f3smosis inversa | IDE Tech","isPartOf":{"@id":"https:\/\/ide-tech.com\/en\/#website"},"primaryImageOfPage":{"@id":"https:\/\/ide-tech.com\/es\/soluciones-de-agua\/desalacion-de-agua-de-mar\/osmosis-inversa\/#primaryimage"},"image":{"@id":"https:\/\/ide-tech.com\/es\/soluciones-de-agua\/desalacion-de-agua-de-mar\/osmosis-inversa\/#primaryimage"},"thumbnailUrl":"https:\/\/ide-tech.com\/wp-content\/uploads\/2022\/12\/REVERSE-OSMOSIS.png","datePublished":"2022-10-20T15:31:21+00:00","dateModified":"2025-07-29T16:21:28+00:00","description":"Los sistemas de \u00f3smosis inversa de agua de mar de IDE ofrecen una desalaci\u00f3n eficiente, escalable y ecol\u00f3gica para obtener agua dulce fiable a partir de fuentes marinas.","breadcrumb":{"@id":"https:\/\/ide-tech.com\/es\/soluciones-de-agua\/desalacion-de-agua-de-mar\/osmosis-inversa\/#breadcrumb"},"inLanguage":"es","potentialAction":[{"@type":"ReadAction","target":["https:\/\/ide-tech.com\/es\/soluciones-de-agua\/desalacion-de-agua-de-mar\/osmosis-inversa\/"]}]},{"@type":"ImageObject","inLanguage":"es","@id":"https:\/\/ide-tech.com\/es\/soluciones-de-agua\/desalacion-de-agua-de-mar\/osmosis-inversa\/#primaryimage","url":"https:\/\/ide-tech.com\/wp-content\/uploads\/2022\/12\/REVERSE-OSMOSIS.png","contentUrl":"https:\/\/ide-tech.com\/wp-content\/uploads\/2022\/12\/REVERSE-OSMOSIS.png","width":335,"height":441,"caption":"IDE\u2019s seawater reverse osmosis (RO) systems"},{"@type":"BreadcrumbList","@id":"https:\/\/ide-tech.com\/es\/soluciones-de-agua\/desalacion-de-agua-de-mar\/osmosis-inversa\/#breadcrumb","itemListElement":[{"@type":"ListItem","position":1,"name":"Home","item":"https:\/\/ide-tech.com\/es\/hogar\/"},{"@type":"ListItem","position":2,"name":"Soluciones h\u00eddricas","item":"https:\/\/ide-tech.com\/es\/soluciones-de-agua\/"},{"@type":"ListItem","position":3,"name":"Tecnolog\u00eda de desalaci\u00f3n de agua de mar","item":"https:\/\/ide-tech.com\/es\/soluciones-de-agua\/desalacion-de-agua-de-mar\/"},{"@type":"ListItem","position":4,"name":"Desalaci\u00f3n por \u00f3smosis inversa"}]},{"@type":"WebSite","@id":"https:\/\/ide-tech.com\/en\/#website","url":"https:\/\/ide-tech.com\/en\/","name":"IDE Tech","description":"Your Water Partner","potentialAction":[{"@type":"SearchAction","target":{"@type":"EntryPoint","urlTemplate":"https:\/\/ide-tech.com\/en\/?s={search_term_string}"},"query-input":{"@type":"PropertyValueSpecification","valueRequired":true,"valueName":"search_term_string"}}],"inLanguage":"es"}]}},"_links":{"self":[{"href":"https:\/\/ide-tech.com\/es\/wp-json\/wp\/v2\/pages\/3118","targetHints":{"allow":["GET"]}}],"collection":[{"href":"https:\/\/ide-tech.com\/es\/wp-json\/wp\/v2\/pages"}],"about":[{"href":"https:\/\/ide-tech.com\/es\/wp-json\/wp\/v2\/types\/page"}],"author":[{"embeddable":true,"href":"https:\/\/ide-tech.com\/es\/wp-json\/wp\/v2\/users\/28"}],"replies":[{"embeddable":true,"href":"https:\/\/ide-tech.com\/es\/wp-json\/wp\/v2\/comments?post=3118"}],"version-history":[{"count":9,"href":"https:\/\/ide-tech.com\/es\/wp-json\/wp\/v2\/pages\/3118\/revisions"}],"predecessor-version":[{"id":10324,"href":"https:\/\/ide-tech.com\/es\/wp-json\/wp\/v2\/pages\/3118\/revisions\/10324"}],"up":[{"embeddable":true,"href":"https:\/\/ide-tech.com\/es\/wp-json\/wp\/v2\/pages\/3116"}],"wp:featuredmedia":[{"embeddable":true,"href":"https:\/\/ide-tech.com\/es\/wp-json\/wp\/v2\/media\/4125"}],"wp:attachment":[{"href":"https:\/\/ide-tech.com\/es\/wp-json\/wp\/v2\/media?parent=3118"}],"curies":[{"name":"wp","href":"https:\/\/api.w.org\/{rel}","templated":true}]}}