{"id":3113,"date":"2022-10-27T11:58:03","date_gmt":"2022-10-27T11:58:03","guid":{"rendered":"https:\/\/ide-tech.com\/?page_id=3113"},"modified":"2025-07-29T16:21:27","modified_gmt":"2025-07-29T16:21:27","slug":"actualizacion-de-planta","status":"publish","type":"page","link":"https:\/\/ide-tech.com\/es\/soluciones-de-agua\/om\/actualizacion-de-planta\/","title":{"rendered":"Mejora de la planta"},"content":{"rendered":"","protected":false},"excerpt":{"rendered":"","protected":false},"author":28,"featured_media":0,"parent":3091,"menu_order":105,"comment_status":"closed","ping_status":"closed","template":"page-o&mplant.php","meta":{"_acf_changed":false,"inline_featured_image":false,"footnotes":""},"class_list":["post-3113","page","type-page","status-publish","hentry"],"acf":[],"yoast_head":"<!-- This site is optimized with the Yoast SEO plugin v27.0 - https:\/\/yoast.com\/product\/yoast-seo-wordpress\/ -->\n<title>Tratamiento de agua Mejora de la planta | IDE Tech<\/title>\n<meta name=\"description\" content=\"Explore los servicios de actualizaci\u00f3n de plantas de tratamiento de agua que mejoran el rendimiento, reducen el tiempo de inactividad y prolongan la vida \u00fatil de la planta mediante tecnolog\u00edas rentables.\" \/>\n<meta name=\"robots\" content=\"index, follow, max-snippet:-1, max-image-preview:large, max-video-preview:-1\" \/>\n<link rel=\"canonical\" href=\"https:\/\/ide-tech.com\/es\/soluciones-de-agua\/om\/actualizacion-de-planta\/\" \/>\n<meta property=\"og:locale\" content=\"es_ES\" \/>\n<meta property=\"og:type\" content=\"article\" \/>\n<meta property=\"og:title\" content=\"Tratamiento de agua Mejora de la planta | IDE Tech\" \/>\n<meta property=\"og:description\" content=\"Explore los servicios de actualizaci\u00f3n de plantas de tratamiento de agua que mejoran el rendimiento, reducen el tiempo de inactividad y prolongan la vida \u00fatil de la planta mediante tecnolog\u00edas rentables.\" \/>\n<meta property=\"og:url\" content=\"https:\/\/ide-tech.com\/es\/soluciones-de-agua\/om\/actualizacion-de-planta\/\" \/>\n<meta property=\"og:site_name\" content=\"IDE Tech\" \/>\n<meta property=\"article:modified_time\" content=\"2025-07-29T16:21:27+00:00\" \/>\n<meta name=\"twitter:card\" content=\"summary_large_image\" \/>\n<script type=\"application\/ld+json\" class=\"yoast-schema-graph\">{\"@context\":\"https:\/\/schema.org\",\"@graph\":[{\"@type\":\"WebPage\",\"@id\":\"https:\/\/ide-tech.com\/es\/soluciones-de-agua\/om\/actualizacion-de-planta\/\",\"url\":\"https:\/\/ide-tech.com\/es\/soluciones-de-agua\/om\/actualizacion-de-planta\/\",\"name\":\"Tratamiento de agua Mejora de la planta | IDE Tech\",\"isPartOf\":{\"@id\":\"https:\/\/ide-tech.com\/en\/#website\"},\"datePublished\":\"2022-10-27T11:58:03+00:00\",\"dateModified\":\"2025-07-29T16:21:27+00:00\",\"description\":\"Explore los servicios de actualizaci\u00f3n de plantas de tratamiento de agua que mejoran el rendimiento, reducen el tiempo de inactividad y prolongan la vida \u00fatil de la planta mediante tecnolog\u00edas rentables.\",\"breadcrumb\":{\"@id\":\"https:\/\/ide-tech.com\/es\/soluciones-de-agua\/om\/actualizacion-de-planta\/#breadcrumb\"},\"inLanguage\":\"es\",\"potentialAction\":[{\"@type\":\"ReadAction\",\"target\":[\"https:\/\/ide-tech.com\/es\/soluciones-de-agua\/om\/actualizacion-de-planta\/\"]}]},{\"@type\":\"BreadcrumbList\",\"@id\":\"https:\/\/ide-tech.com\/es\/soluciones-de-agua\/om\/actualizacion-de-planta\/#breadcrumb\",\"itemListElement\":[{\"@type\":\"ListItem\",\"position\":1,\"name\":\"Home\",\"item\":\"https:\/\/ide-tech.com\/es\/hogar\/\"},{\"@type\":\"ListItem\",\"position\":2,\"name\":\"Soluciones h\u00eddricas\",\"item\":\"https:\/\/ide-tech.com\/es\/soluciones-de-agua\/\"},{\"@type\":\"ListItem\",\"position\":3,\"name\":\"Operaciones y mantenimiento\",\"item\":\"https:\/\/ide-tech.com\/es\/soluciones-de-agua\/om\/\"},{\"@type\":\"ListItem\",\"position\":4,\"name\":\"Mejora de la planta\"}]},{\"@type\":\"WebSite\",\"@id\":\"https:\/\/ide-tech.com\/en\/#website\",\"url\":\"https:\/\/ide-tech.com\/en\/\",\"name\":\"IDE Tech\",\"description\":\"Your Water Partner\",\"potentialAction\":[{\"@type\":\"SearchAction\",\"target\":{\"@type\":\"EntryPoint\",\"urlTemplate\":\"https:\/\/ide-tech.com\/en\/?s={search_term_string}\"},\"query-input\":{\"@type\":\"PropertyValueSpecification\",\"valueRequired\":true,\"valueName\":\"search_term_string\"}}],\"inLanguage\":\"es\"}]}<\/script>\n<!-- \/ Yoast SEO plugin. -->","yoast_head_json":{"title":"Tratamiento de agua Mejora de la planta | IDE Tech","description":"Explore los servicios de actualizaci\u00f3n de plantas de tratamiento de agua que mejoran el rendimiento, reducen el tiempo de inactividad y prolongan la vida \u00fatil de la planta mediante tecnolog\u00edas rentables.","robots":{"index":"index","follow":"follow","max-snippet":"max-snippet:-1","max-image-preview":"max-image-preview:large","max-video-preview":"max-video-preview:-1"},"canonical":"https:\/\/ide-tech.com\/es\/soluciones-de-agua\/om\/actualizacion-de-planta\/","og_locale":"es_ES","og_type":"article","og_title":"Tratamiento de agua Mejora de la planta | IDE Tech","og_description":"Explore los servicios de actualizaci\u00f3n de plantas de tratamiento de agua que mejoran el rendimiento, reducen el tiempo de inactividad y prolongan la vida \u00fatil de la planta mediante tecnolog\u00edas rentables.","og_url":"https:\/\/ide-tech.com\/es\/soluciones-de-agua\/om\/actualizacion-de-planta\/","og_site_name":"IDE Tech","article_modified_time":"2025-07-29T16:21:27+00:00","twitter_card":"summary_large_image","schema":{"@context":"https:\/\/schema.org","@graph":[{"@type":"WebPage","@id":"https:\/\/ide-tech.com\/es\/soluciones-de-agua\/om\/actualizacion-de-planta\/","url":"https:\/\/ide-tech.com\/es\/soluciones-de-agua\/om\/actualizacion-de-planta\/","name":"Tratamiento de agua Mejora de la planta | IDE Tech","isPartOf":{"@id":"https:\/\/ide-tech.com\/en\/#website"},"datePublished":"2022-10-27T11:58:03+00:00","dateModified":"2025-07-29T16:21:27+00:00","description":"Explore los servicios de actualizaci\u00f3n de plantas de tratamiento de agua que mejoran el rendimiento, reducen el tiempo de inactividad y prolongan la vida \u00fatil de la planta mediante tecnolog\u00edas rentables.","breadcrumb":{"@id":"https:\/\/ide-tech.com\/es\/soluciones-de-agua\/om\/actualizacion-de-planta\/#breadcrumb"},"inLanguage":"es","potentialAction":[{"@type":"ReadAction","target":["https:\/\/ide-tech.com\/es\/soluciones-de-agua\/om\/actualizacion-de-planta\/"]}]},{"@type":"BreadcrumbList","@id":"https:\/\/ide-tech.com\/es\/soluciones-de-agua\/om\/actualizacion-de-planta\/#breadcrumb","itemListElement":[{"@type":"ListItem","position":1,"name":"Home","item":"https:\/\/ide-tech.com\/es\/hogar\/"},{"@type":"ListItem","position":2,"name":"Soluciones h\u00eddricas","item":"https:\/\/ide-tech.com\/es\/soluciones-de-agua\/"},{"@type":"ListItem","position":3,"name":"Operaciones y mantenimiento","item":"https:\/\/ide-tech.com\/es\/soluciones-de-agua\/om\/"},{"@type":"ListItem","position":4,"name":"Mejora de la planta"}]},{"@type":"WebSite","@id":"https:\/\/ide-tech.com\/en\/#website","url":"https:\/\/ide-tech.com\/en\/","name":"IDE Tech","description":"Your Water Partner","potentialAction":[{"@type":"SearchAction","target":{"@type":"EntryPoint","urlTemplate":"https:\/\/ide-tech.com\/en\/?s={search_term_string}"},"query-input":{"@type":"PropertyValueSpecification","valueRequired":true,"valueName":"search_term_string"}}],"inLanguage":"es"}]}},"_links":{"self":[{"href":"https:\/\/ide-tech.com\/es\/wp-json\/wp\/v2\/pages\/3113","targetHints":{"allow":["GET"]}}],"collection":[{"href":"https:\/\/ide-tech.com\/es\/wp-json\/wp\/v2\/pages"}],"about":[{"href":"https:\/\/ide-tech.com\/es\/wp-json\/wp\/v2\/types\/page"}],"author":[{"embeddable":true,"href":"https:\/\/ide-tech.com\/es\/wp-json\/wp\/v2\/users\/28"}],"replies":[{"embeddable":true,"href":"https:\/\/ide-tech.com\/es\/wp-json\/wp\/v2\/comments?post=3113"}],"version-history":[{"count":3,"href":"https:\/\/ide-tech.com\/es\/wp-json\/wp\/v2\/pages\/3113\/revisions"}],"predecessor-version":[{"id":10323,"href":"https:\/\/ide-tech.com\/es\/wp-json\/wp\/v2\/pages\/3113\/revisions\/10323"}],"up":[{"embeddable":true,"href":"https:\/\/ide-tech.com\/es\/wp-json\/wp\/v2\/pages\/3091"}],"wp:attachment":[{"href":"https:\/\/ide-tech.com\/es\/wp-json\/wp\/v2\/media?parent=3113"}],"curies":[{"name":"wp","href":"https:\/\/api.w.org\/{rel}","templated":true}]}}