{"id":3082,"date":"2022-10-26T13:20:08","date_gmt":"2022-10-26T13:20:08","guid":{"rendered":"https:\/\/ide-tech.com\/?page_id=3082"},"modified":"2025-07-29T16:21:30","modified_gmt":"2025-07-29T16:21:30","slug":"desaladora-max-h2o","status":"publish","type":"page","link":"https:\/\/ide-tech.com\/es\/soluciones-de-agua\/tratamiento-de-aguas-industriales\/ro\/desaladora-max-h2o\/","title":{"rendered":"DESALADOR MAX H2O"},"content":{"rendered":"","protected":false},"excerpt":{"rendered":"","protected":false},"author":28,"featured_media":5023,"parent":3080,"menu_order":66,"comment_status":"closed","ping_status":"closed","template":"page-desalter.php","meta":{"_acf_changed":false,"inline_featured_image":false,"footnotes":""},"class_list":["post-3082","page","type-page","status-publish","has-post-thumbnail","hentry"],"acf":[],"yoast_head":"<!-- This site is optimized with the Yoast SEO plugin v27.0 - https:\/\/yoast.com\/product\/yoast-seo-wordpress\/ -->\n<title>Desalador MAXH2O | IDE Tech<\/title>\n<meta name=\"description\" content=\"Descubra c\u00f3mo el desalador MAXH2O ofrece una alta recuperaci\u00f3n y un bajo contenido de salmuera en los sistemas de \u00f3smosis inversa, ideal para el tratamiento de agua industrial y las metas de sostenibilidad.\" \/>\n<meta name=\"robots\" content=\"index, follow, max-snippet:-1, max-image-preview:large, max-video-preview:-1\" \/>\n<link rel=\"canonical\" href=\"https:\/\/ide-tech.com\/es\/soluciones-de-agua\/tratamiento-de-aguas-industriales\/ro\/desaladora-max-h2o\/\" \/>\n<meta property=\"og:locale\" content=\"es_ES\" \/>\n<meta property=\"og:type\" content=\"article\" \/>\n<meta property=\"og:title\" content=\"Desalador MAXH2O | IDE Tech\" \/>\n<meta property=\"og:description\" content=\"Descubra c\u00f3mo el desalador MAXH2O ofrece una alta recuperaci\u00f3n y un bajo contenido de salmuera en los sistemas de \u00f3smosis inversa, ideal para el tratamiento de agua industrial y las metas de sostenibilidad.\" \/>\n<meta property=\"og:url\" content=\"https:\/\/ide-tech.com\/es\/soluciones-de-agua\/tratamiento-de-aguas-industriales\/ro\/desaladora-max-h2o\/\" \/>\n<meta property=\"og:site_name\" content=\"IDE Tech\" \/>\n<meta property=\"article:modified_time\" content=\"2025-07-29T16:21:30+00:00\" \/>\n<meta property=\"og:image\" content=\"https:\/\/ide-tech.com\/wp-content\/uploads\/2022\/12\/335x441-desalter-solutions.png\" \/>\n\t<meta property=\"og:image:width\" content=\"335\" \/>\n\t<meta property=\"og:image:height\" content=\"441\" \/>\n\t<meta property=\"og:image:type\" content=\"image\/png\" \/>\n<meta name=\"twitter:card\" content=\"summary_large_image\" \/>\n<script type=\"application\/ld+json\" class=\"yoast-schema-graph\">{\"@context\":\"https:\/\/schema.org\",\"@graph\":[{\"@type\":\"WebPage\",\"@id\":\"https:\/\/ide-tech.com\/es\/soluciones-de-agua\/tratamiento-de-aguas-industriales\/ro\/desaladora-max-h2o\/\",\"url\":\"https:\/\/ide-tech.com\/es\/soluciones-de-agua\/tratamiento-de-aguas-industriales\/ro\/desaladora-max-h2o\/\",\"name\":\"Desalador MAXH2O | IDE Tech\",\"isPartOf\":{\"@id\":\"https:\/\/ide-tech.com\/en\/#website\"},\"primaryImageOfPage\":{\"@id\":\"https:\/\/ide-tech.com\/es\/soluciones-de-agua\/tratamiento-de-aguas-industriales\/ro\/desaladora-max-h2o\/#primaryimage\"},\"image\":{\"@id\":\"https:\/\/ide-tech.com\/es\/soluciones-de-agua\/tratamiento-de-aguas-industriales\/ro\/desaladora-max-h2o\/#primaryimage\"},\"thumbnailUrl\":\"https:\/\/ide-tech.com\/wp-content\/uploads\/2022\/12\/335x441-desalter-solutions.png\",\"datePublished\":\"2022-10-26T13:20:08+00:00\",\"dateModified\":\"2025-07-29T16:21:30+00:00\",\"description\":\"Descubra c\u00f3mo el desalador MAXH2O ofrece una alta recuperaci\u00f3n y un bajo contenido de salmuera en los sistemas de \u00f3smosis inversa, ideal para el tratamiento de agua industrial y las metas de sostenibilidad.\",\"breadcrumb\":{\"@id\":\"https:\/\/ide-tech.com\/es\/soluciones-de-agua\/tratamiento-de-aguas-industriales\/ro\/desaladora-max-h2o\/#breadcrumb\"},\"inLanguage\":\"es\",\"potentialAction\":[{\"@type\":\"ReadAction\",\"target\":[\"https:\/\/ide-tech.com\/es\/soluciones-de-agua\/tratamiento-de-aguas-industriales\/ro\/desaladora-max-h2o\/\"]}]},{\"@type\":\"ImageObject\",\"inLanguage\":\"es\",\"@id\":\"https:\/\/ide-tech.com\/es\/soluciones-de-agua\/tratamiento-de-aguas-industriales\/ro\/desaladora-max-h2o\/#primaryimage\",\"url\":\"https:\/\/ide-tech.com\/wp-content\/uploads\/2022\/12\/335x441-desalter-solutions.png\",\"contentUrl\":\"https:\/\/ide-tech.com\/wp-content\/uploads\/2022\/12\/335x441-desalter-solutions.png\",\"width\":335,\"height\":441,\"caption\":\"MaxH2O Desalter Water Treatment Solution\"},{\"@type\":\"BreadcrumbList\",\"@id\":\"https:\/\/ide-tech.com\/es\/soluciones-de-agua\/tratamiento-de-aguas-industriales\/ro\/desaladora-max-h2o\/#breadcrumb\",\"itemListElement\":[{\"@type\":\"ListItem\",\"position\":1,\"name\":\"Home\",\"item\":\"https:\/\/ide-tech.com\/es\/hogar\/\"},{\"@type\":\"ListItem\",\"position\":2,\"name\":\"Soluciones h\u00eddricas\",\"item\":\"https:\/\/ide-tech.com\/es\/soluciones-de-agua\/\"},{\"@type\":\"ListItem\",\"position\":3,\"name\":\"Tratamiento de aguas industriales\",\"item\":\"https:\/\/ide-tech.com\/es\/soluciones-de-agua\/tratamiento-de-aguas-industriales\/\"},{\"@type\":\"ListItem\",\"position\":4,\"name\":\"Soluciones de membrana\",\"item\":\"https:\/\/ide-tech.com\/es\/soluciones-de-agua\/tratamiento-de-aguas-industriales\/ro\/\"},{\"@type\":\"ListItem\",\"position\":5,\"name\":\"DESALADOR MAX H2O\"}]},{\"@type\":\"WebSite\",\"@id\":\"https:\/\/ide-tech.com\/en\/#website\",\"url\":\"https:\/\/ide-tech.com\/en\/\",\"name\":\"IDE Tech\",\"description\":\"Your Water Partner\",\"potentialAction\":[{\"@type\":\"SearchAction\",\"target\":{\"@type\":\"EntryPoint\",\"urlTemplate\":\"https:\/\/ide-tech.com\/en\/?s={search_term_string}\"},\"query-input\":{\"@type\":\"PropertyValueSpecification\",\"valueRequired\":true,\"valueName\":\"search_term_string\"}}],\"inLanguage\":\"es\"}]}<\/script>\n<!-- \/ Yoast SEO plugin. -->","yoast_head_json":{"title":"Desalador MAXH2O | IDE Tech","description":"Descubra c\u00f3mo el desalador MAXH2O ofrece una alta recuperaci\u00f3n y un bajo contenido de salmuera en los sistemas de \u00f3smosis inversa, ideal para el tratamiento de agua industrial y las metas de sostenibilidad.","robots":{"index":"index","follow":"follow","max-snippet":"max-snippet:-1","max-image-preview":"max-image-preview:large","max-video-preview":"max-video-preview:-1"},"canonical":"https:\/\/ide-tech.com\/es\/soluciones-de-agua\/tratamiento-de-aguas-industriales\/ro\/desaladora-max-h2o\/","og_locale":"es_ES","og_type":"article","og_title":"Desalador MAXH2O | IDE Tech","og_description":"Descubra c\u00f3mo el desalador MAXH2O ofrece una alta recuperaci\u00f3n y un bajo contenido de salmuera en los sistemas de \u00f3smosis inversa, ideal para el tratamiento de agua industrial y las metas de sostenibilidad.","og_url":"https:\/\/ide-tech.com\/es\/soluciones-de-agua\/tratamiento-de-aguas-industriales\/ro\/desaladora-max-h2o\/","og_site_name":"IDE Tech","article_modified_time":"2025-07-29T16:21:30+00:00","og_image":[{"width":335,"height":441,"url":"https:\/\/ide-tech.com\/wp-content\/uploads\/2022\/12\/335x441-desalter-solutions.png","type":"image\/png"}],"twitter_card":"summary_large_image","schema":{"@context":"https:\/\/schema.org","@graph":[{"@type":"WebPage","@id":"https:\/\/ide-tech.com\/es\/soluciones-de-agua\/tratamiento-de-aguas-industriales\/ro\/desaladora-max-h2o\/","url":"https:\/\/ide-tech.com\/es\/soluciones-de-agua\/tratamiento-de-aguas-industriales\/ro\/desaladora-max-h2o\/","name":"Desalador MAXH2O | IDE Tech","isPartOf":{"@id":"https:\/\/ide-tech.com\/en\/#website"},"primaryImageOfPage":{"@id":"https:\/\/ide-tech.com\/es\/soluciones-de-agua\/tratamiento-de-aguas-industriales\/ro\/desaladora-max-h2o\/#primaryimage"},"image":{"@id":"https:\/\/ide-tech.com\/es\/soluciones-de-agua\/tratamiento-de-aguas-industriales\/ro\/desaladora-max-h2o\/#primaryimage"},"thumbnailUrl":"https:\/\/ide-tech.com\/wp-content\/uploads\/2022\/12\/335x441-desalter-solutions.png","datePublished":"2022-10-26T13:20:08+00:00","dateModified":"2025-07-29T16:21:30+00:00","description":"Descubra c\u00f3mo el desalador MAXH2O ofrece una alta recuperaci\u00f3n y un bajo contenido de salmuera en los sistemas de \u00f3smosis inversa, ideal para el tratamiento de agua industrial y las metas de sostenibilidad.","breadcrumb":{"@id":"https:\/\/ide-tech.com\/es\/soluciones-de-agua\/tratamiento-de-aguas-industriales\/ro\/desaladora-max-h2o\/#breadcrumb"},"inLanguage":"es","potentialAction":[{"@type":"ReadAction","target":["https:\/\/ide-tech.com\/es\/soluciones-de-agua\/tratamiento-de-aguas-industriales\/ro\/desaladora-max-h2o\/"]}]},{"@type":"ImageObject","inLanguage":"es","@id":"https:\/\/ide-tech.com\/es\/soluciones-de-agua\/tratamiento-de-aguas-industriales\/ro\/desaladora-max-h2o\/#primaryimage","url":"https:\/\/ide-tech.com\/wp-content\/uploads\/2022\/12\/335x441-desalter-solutions.png","contentUrl":"https:\/\/ide-tech.com\/wp-content\/uploads\/2022\/12\/335x441-desalter-solutions.png","width":335,"height":441,"caption":"MaxH2O Desalter Water Treatment Solution"},{"@type":"BreadcrumbList","@id":"https:\/\/ide-tech.com\/es\/soluciones-de-agua\/tratamiento-de-aguas-industriales\/ro\/desaladora-max-h2o\/#breadcrumb","itemListElement":[{"@type":"ListItem","position":1,"name":"Home","item":"https:\/\/ide-tech.com\/es\/hogar\/"},{"@type":"ListItem","position":2,"name":"Soluciones h\u00eddricas","item":"https:\/\/ide-tech.com\/es\/soluciones-de-agua\/"},{"@type":"ListItem","position":3,"name":"Tratamiento de aguas industriales","item":"https:\/\/ide-tech.com\/es\/soluciones-de-agua\/tratamiento-de-aguas-industriales\/"},{"@type":"ListItem","position":4,"name":"Soluciones de membrana","item":"https:\/\/ide-tech.com\/es\/soluciones-de-agua\/tratamiento-de-aguas-industriales\/ro\/"},{"@type":"ListItem","position":5,"name":"DESALADOR MAX H2O"}]},{"@type":"WebSite","@id":"https:\/\/ide-tech.com\/en\/#website","url":"https:\/\/ide-tech.com\/en\/","name":"IDE Tech","description":"Your Water Partner","potentialAction":[{"@type":"SearchAction","target":{"@type":"EntryPoint","urlTemplate":"https:\/\/ide-tech.com\/en\/?s={search_term_string}"},"query-input":{"@type":"PropertyValueSpecification","valueRequired":true,"valueName":"search_term_string"}}],"inLanguage":"es"}]}},"_links":{"self":[{"href":"https:\/\/ide-tech.com\/es\/wp-json\/wp\/v2\/pages\/3082","targetHints":{"allow":["GET"]}}],"collection":[{"href":"https:\/\/ide-tech.com\/es\/wp-json\/wp\/v2\/pages"}],"about":[{"href":"https:\/\/ide-tech.com\/es\/wp-json\/wp\/v2\/types\/page"}],"author":[{"embeddable":true,"href":"https:\/\/ide-tech.com\/es\/wp-json\/wp\/v2\/users\/28"}],"replies":[{"embeddable":true,"href":"https:\/\/ide-tech.com\/es\/wp-json\/wp\/v2\/comments?post=3082"}],"version-history":[{"count":3,"href":"https:\/\/ide-tech.com\/es\/wp-json\/wp\/v2\/pages\/3082\/revisions"}],"predecessor-version":[{"id":10329,"href":"https:\/\/ide-tech.com\/es\/wp-json\/wp\/v2\/pages\/3082\/revisions\/10329"}],"up":[{"embeddable":true,"href":"https:\/\/ide-tech.com\/es\/wp-json\/wp\/v2\/pages\/3080"}],"wp:featuredmedia":[{"embeddable":true,"href":"https:\/\/ide-tech.com\/es\/wp-json\/wp\/v2\/media\/5023"}],"wp:attachment":[{"href":"https:\/\/ide-tech.com\/es\/wp-json\/wp\/v2\/media?parent=3082"}],"curies":[{"name":"wp","href":"https:\/\/api.w.org\/{rel}","templated":true}]}}