{"id":3074,"date":"2022-10-14T14:04:55","date_gmt":"2022-10-14T14:04:55","guid":{"rendered":"https:\/\/ide-tech.com\/?page_id=3074"},"modified":"2025-07-29T16:21:29","modified_gmt":"2025-07-29T16:21:29","slug":"bio-tratamiento","status":"publish","type":"page","link":"https:\/\/ide-tech.com\/es\/soluciones-de-agua\/tratamiento-de-aguas-industriales\/bio-tratamiento\/","title":{"rendered":"Tratamiento biol\u00f3gico del agua"},"content":{"rendered":"","protected":false},"excerpt":{"rendered":"","protected":false},"author":28,"featured_media":4745,"parent":3027,"menu_order":47,"comment_status":"closed","ping_status":"closed","template":"page-biotreatment.php","meta":{"_acf_changed":false,"inline_featured_image":false,"footnotes":""},"class_list":["post-3074","page","type-page","status-publish","has-post-thumbnail","hentry"],"acf":[],"yoast_head":"<!-- This site is optimized with the Yoast SEO plugin v27.0 - https:\/\/yoast.com\/product\/yoast-seo-wordpress\/ -->\n<title>Tratamiento biol\u00f3gico de aguas residuales | IDE Technologies<\/title>\n<meta name=\"description\" content=\"Explore el tratamiento biol\u00f3gico ecol\u00f3gico de aguas residuales industriales con IDE Technologies. Consiga una gesti\u00f3n eficiente de las aguas residuales.\" \/>\n<meta name=\"robots\" content=\"index, follow, max-snippet:-1, max-image-preview:large, max-video-preview:-1\" \/>\n<link rel=\"canonical\" href=\"https:\/\/ide-tech.com\/es\/soluciones-de-agua\/tratamiento-de-aguas-industriales\/bio-tratamiento\/\" \/>\n<meta property=\"og:locale\" content=\"es_ES\" \/>\n<meta property=\"og:type\" content=\"article\" \/>\n<meta property=\"og:title\" content=\"Tratamiento biol\u00f3gico de aguas residuales | IDE Technologies\" \/>\n<meta property=\"og:description\" content=\"Explore el tratamiento biol\u00f3gico ecol\u00f3gico de aguas residuales industriales con IDE Technologies. Consiga una gesti\u00f3n eficiente de las aguas residuales.\" \/>\n<meta property=\"og:url\" content=\"https:\/\/ide-tech.com\/es\/soluciones-de-agua\/tratamiento-de-aguas-industriales\/bio-tratamiento\/\" \/>\n<meta property=\"og:site_name\" content=\"IDE Tech\" \/>\n<meta property=\"article:modified_time\" content=\"2025-07-29T16:21:29+00:00\" \/>\n<meta property=\"og:image\" content=\"https:\/\/ide-tech.com\/wp-content\/uploads\/2022\/12\/Bio-Treatment-1.png\" \/>\n\t<meta property=\"og:image:width\" content=\"335\" \/>\n\t<meta property=\"og:image:height\" content=\"441\" \/>\n\t<meta property=\"og:image:type\" content=\"image\/png\" \/>\n<meta name=\"twitter:card\" content=\"summary_large_image\" \/>\n<script type=\"application\/ld+json\" class=\"yoast-schema-graph\">{\"@context\":\"https:\/\/schema.org\",\"@graph\":[{\"@type\":\"WebPage\",\"@id\":\"https:\/\/ide-tech.com\/es\/soluciones-de-agua\/tratamiento-de-aguas-industriales\/bio-tratamiento\/\",\"url\":\"https:\/\/ide-tech.com\/es\/soluciones-de-agua\/tratamiento-de-aguas-industriales\/bio-tratamiento\/\",\"name\":\"Tratamiento biol\u00f3gico de aguas residuales | IDE Technologies\",\"isPartOf\":{\"@id\":\"https:\/\/ide-tech.com\/en\/#website\"},\"primaryImageOfPage\":{\"@id\":\"https:\/\/ide-tech.com\/es\/soluciones-de-agua\/tratamiento-de-aguas-industriales\/bio-tratamiento\/#primaryimage\"},\"image\":{\"@id\":\"https:\/\/ide-tech.com\/es\/soluciones-de-agua\/tratamiento-de-aguas-industriales\/bio-tratamiento\/#primaryimage\"},\"thumbnailUrl\":\"https:\/\/ide-tech.com\/wp-content\/uploads\/2022\/12\/Bio-Treatment-1.png\",\"datePublished\":\"2022-10-14T14:04:55+00:00\",\"dateModified\":\"2025-07-29T16:21:29+00:00\",\"description\":\"Explore el tratamiento biol\u00f3gico ecol\u00f3gico de aguas residuales industriales con IDE Technologies. Consiga una gesti\u00f3n eficiente de las aguas residuales.\",\"breadcrumb\":{\"@id\":\"https:\/\/ide-tech.com\/es\/soluciones-de-agua\/tratamiento-de-aguas-industriales\/bio-tratamiento\/#breadcrumb\"},\"inLanguage\":\"es\",\"potentialAction\":[{\"@type\":\"ReadAction\",\"target\":[\"https:\/\/ide-tech.com\/es\/soluciones-de-agua\/tratamiento-de-aguas-industriales\/bio-tratamiento\/\"]}]},{\"@type\":\"ImageObject\",\"inLanguage\":\"es\",\"@id\":\"https:\/\/ide-tech.com\/es\/soluciones-de-agua\/tratamiento-de-aguas-industriales\/bio-tratamiento\/#primaryimage\",\"url\":\"https:\/\/ide-tech.com\/wp-content\/uploads\/2022\/12\/Bio-Treatment-1.png\",\"contentUrl\":\"https:\/\/ide-tech.com\/wp-content\/uploads\/2022\/12\/Bio-Treatment-1.png\",\"width\":335,\"height\":441,\"caption\":\"biological wastewater treatment for industries\"},{\"@type\":\"BreadcrumbList\",\"@id\":\"https:\/\/ide-tech.com\/es\/soluciones-de-agua\/tratamiento-de-aguas-industriales\/bio-tratamiento\/#breadcrumb\",\"itemListElement\":[{\"@type\":\"ListItem\",\"position\":1,\"name\":\"Home\",\"item\":\"https:\/\/ide-tech.com\/es\/hogar\/\"},{\"@type\":\"ListItem\",\"position\":2,\"name\":\"Soluciones h\u00eddricas\",\"item\":\"https:\/\/ide-tech.com\/es\/soluciones-de-agua\/\"},{\"@type\":\"ListItem\",\"position\":3,\"name\":\"Tratamiento de aguas industriales\",\"item\":\"https:\/\/ide-tech.com\/es\/soluciones-de-agua\/tratamiento-de-aguas-industriales\/\"},{\"@type\":\"ListItem\",\"position\":4,\"name\":\"Tratamiento biol\u00f3gico del agua\"}]},{\"@type\":\"WebSite\",\"@id\":\"https:\/\/ide-tech.com\/en\/#website\",\"url\":\"https:\/\/ide-tech.com\/en\/\",\"name\":\"IDE Tech\",\"description\":\"Your Water Partner\",\"potentialAction\":[{\"@type\":\"SearchAction\",\"target\":{\"@type\":\"EntryPoint\",\"urlTemplate\":\"https:\/\/ide-tech.com\/en\/?s={search_term_string}\"},\"query-input\":{\"@type\":\"PropertyValueSpecification\",\"valueRequired\":true,\"valueName\":\"search_term_string\"}}],\"inLanguage\":\"es\"}]}<\/script>\n<!-- \/ Yoast SEO plugin. -->","yoast_head_json":{"title":"Tratamiento biol\u00f3gico de aguas residuales | IDE Technologies","description":"Explore el tratamiento biol\u00f3gico ecol\u00f3gico de aguas residuales industriales con IDE Technologies. Consiga una gesti\u00f3n eficiente de las aguas residuales.","robots":{"index":"index","follow":"follow","max-snippet":"max-snippet:-1","max-image-preview":"max-image-preview:large","max-video-preview":"max-video-preview:-1"},"canonical":"https:\/\/ide-tech.com\/es\/soluciones-de-agua\/tratamiento-de-aguas-industriales\/bio-tratamiento\/","og_locale":"es_ES","og_type":"article","og_title":"Tratamiento biol\u00f3gico de aguas residuales | IDE Technologies","og_description":"Explore el tratamiento biol\u00f3gico ecol\u00f3gico de aguas residuales industriales con IDE Technologies. Consiga una gesti\u00f3n eficiente de las aguas residuales.","og_url":"https:\/\/ide-tech.com\/es\/soluciones-de-agua\/tratamiento-de-aguas-industriales\/bio-tratamiento\/","og_site_name":"IDE Tech","article_modified_time":"2025-07-29T16:21:29+00:00","og_image":[{"width":335,"height":441,"url":"https:\/\/ide-tech.com\/wp-content\/uploads\/2022\/12\/Bio-Treatment-1.png","type":"image\/png"}],"twitter_card":"summary_large_image","schema":{"@context":"https:\/\/schema.org","@graph":[{"@type":"WebPage","@id":"https:\/\/ide-tech.com\/es\/soluciones-de-agua\/tratamiento-de-aguas-industriales\/bio-tratamiento\/","url":"https:\/\/ide-tech.com\/es\/soluciones-de-agua\/tratamiento-de-aguas-industriales\/bio-tratamiento\/","name":"Tratamiento biol\u00f3gico de aguas residuales | IDE Technologies","isPartOf":{"@id":"https:\/\/ide-tech.com\/en\/#website"},"primaryImageOfPage":{"@id":"https:\/\/ide-tech.com\/es\/soluciones-de-agua\/tratamiento-de-aguas-industriales\/bio-tratamiento\/#primaryimage"},"image":{"@id":"https:\/\/ide-tech.com\/es\/soluciones-de-agua\/tratamiento-de-aguas-industriales\/bio-tratamiento\/#primaryimage"},"thumbnailUrl":"https:\/\/ide-tech.com\/wp-content\/uploads\/2022\/12\/Bio-Treatment-1.png","datePublished":"2022-10-14T14:04:55+00:00","dateModified":"2025-07-29T16:21:29+00:00","description":"Explore el tratamiento biol\u00f3gico ecol\u00f3gico de aguas residuales industriales con IDE Technologies. Consiga una gesti\u00f3n eficiente de las aguas residuales.","breadcrumb":{"@id":"https:\/\/ide-tech.com\/es\/soluciones-de-agua\/tratamiento-de-aguas-industriales\/bio-tratamiento\/#breadcrumb"},"inLanguage":"es","potentialAction":[{"@type":"ReadAction","target":["https:\/\/ide-tech.com\/es\/soluciones-de-agua\/tratamiento-de-aguas-industriales\/bio-tratamiento\/"]}]},{"@type":"ImageObject","inLanguage":"es","@id":"https:\/\/ide-tech.com\/es\/soluciones-de-agua\/tratamiento-de-aguas-industriales\/bio-tratamiento\/#primaryimage","url":"https:\/\/ide-tech.com\/wp-content\/uploads\/2022\/12\/Bio-Treatment-1.png","contentUrl":"https:\/\/ide-tech.com\/wp-content\/uploads\/2022\/12\/Bio-Treatment-1.png","width":335,"height":441,"caption":"biological wastewater treatment for industries"},{"@type":"BreadcrumbList","@id":"https:\/\/ide-tech.com\/es\/soluciones-de-agua\/tratamiento-de-aguas-industriales\/bio-tratamiento\/#breadcrumb","itemListElement":[{"@type":"ListItem","position":1,"name":"Home","item":"https:\/\/ide-tech.com\/es\/hogar\/"},{"@type":"ListItem","position":2,"name":"Soluciones h\u00eddricas","item":"https:\/\/ide-tech.com\/es\/soluciones-de-agua\/"},{"@type":"ListItem","position":3,"name":"Tratamiento de aguas industriales","item":"https:\/\/ide-tech.com\/es\/soluciones-de-agua\/tratamiento-de-aguas-industriales\/"},{"@type":"ListItem","position":4,"name":"Tratamiento biol\u00f3gico del agua"}]},{"@type":"WebSite","@id":"https:\/\/ide-tech.com\/en\/#website","url":"https:\/\/ide-tech.com\/en\/","name":"IDE Tech","description":"Your Water Partner","potentialAction":[{"@type":"SearchAction","target":{"@type":"EntryPoint","urlTemplate":"https:\/\/ide-tech.com\/en\/?s={search_term_string}"},"query-input":{"@type":"PropertyValueSpecification","valueRequired":true,"valueName":"search_term_string"}}],"inLanguage":"es"}]}},"_links":{"self":[{"href":"https:\/\/ide-tech.com\/es\/wp-json\/wp\/v2\/pages\/3074","targetHints":{"allow":["GET"]}}],"collection":[{"href":"https:\/\/ide-tech.com\/es\/wp-json\/wp\/v2\/pages"}],"about":[{"href":"https:\/\/ide-tech.com\/es\/wp-json\/wp\/v2\/types\/page"}],"author":[{"embeddable":true,"href":"https:\/\/ide-tech.com\/es\/wp-json\/wp\/v2\/users\/28"}],"replies":[{"embeddable":true,"href":"https:\/\/ide-tech.com\/es\/wp-json\/wp\/v2\/comments?post=3074"}],"version-history":[{"count":4,"href":"https:\/\/ide-tech.com\/es\/wp-json\/wp\/v2\/pages\/3074\/revisions"}],"predecessor-version":[{"id":10086,"href":"https:\/\/ide-tech.com\/es\/wp-json\/wp\/v2\/pages\/3074\/revisions\/10086"}],"up":[{"embeddable":true,"href":"https:\/\/ide-tech.com\/es\/wp-json\/wp\/v2\/pages\/3027"}],"wp:featuredmedia":[{"embeddable":true,"href":"https:\/\/ide-tech.com\/es\/wp-json\/wp\/v2\/media\/4745"}],"wp:attachment":[{"href":"https:\/\/ide-tech.com\/es\/wp-json\/wp\/v2\/media?parent=3074"}],"curies":[{"name":"wp","href":"https:\/\/api.w.org\/{rel}","templated":true}]}}