{"id":3039,"date":"2022-10-27T13:16:33","date_gmt":"2022-10-27T13:16:33","guid":{"rendered":"https:\/\/ide-tech.com\/?page_id=3039"},"modified":"2025-12-23T17:33:47","modified_gmt":"2025-12-23T17:33:47","slug":"acerca-de-ide","status":"publish","type":"page","link":"https:\/\/ide-tech.com\/es\/acerca-de-ide\/","title":{"rendered":"Acerca de IDE"},"content":{"rendered":"<p>IDE ha liderado la industria del agua durante m\u00e1s de 60 a\u00f1os invirtiendo amplios recursos en investigaci\u00f3n y desarrollo tecnol\u00f3gico, y manteniendo su ventaja competitiva a trav\u00e9s de la innovaci\u00f3n y soluciones creativas. La empresa tiene experiencia comprobada en plantas de tratamiento de aguas industriales innovadoras, dise\u00f1adas para diversas industrias y municipios, que brindan una soluci\u00f3n confiable, sostenible y econ\u00f3mica en todos los sectores.<\/p>\n","protected":false},"excerpt":{"rendered":"<p>IDE ha liderado la industria del agua durante m\u00e1s de 60 a\u00f1os invirtiendo amplios recursos en investigaci\u00f3n y desarrollo tecnol\u00f3gico, y manteniendo su ventaja competitiva a trav\u00e9s de la innovaci\u00f3n y soluciones creativas. La empresa tiene experiencia comprobada en plantas de tratamiento de aguas industriales innovadoras, dise\u00f1adas para diversas industrias y municipios, que brindan una [&hellip;]<\/p>\n","protected":false},"author":28,"featured_media":0,"parent":0,"menu_order":42,"comment_status":"closed","ping_status":"closed","template":"page-about.php","meta":{"_acf_changed":false,"inline_featured_image":false,"footnotes":""},"class_list":["post-3039","page","type-page","status-publish","hentry"],"acf":[],"yoast_head":"<!-- This site is optimized with the Yoast SEO plugin v27.0 - https:\/\/yoast.com\/product\/yoast-seo-wordpress\/ -->\n<title>Acerca de IDE | IDE Tech<\/title>\n<meta name=\"description\" content=\"Descubra la historia y las innovaciones de IDE en el tratamiento del agua, una empresa especializada en soluciones de desalaci\u00f3n y agua industrial con un impacto global.\" \/>\n<meta name=\"robots\" content=\"index, follow, max-snippet:-1, max-image-preview:large, max-video-preview:-1\" \/>\n<link rel=\"canonical\" href=\"https:\/\/ide-tech.com\/es\/acerca-de-ide\/\" \/>\n<meta property=\"og:locale\" content=\"es_ES\" \/>\n<meta property=\"og:type\" content=\"article\" \/>\n<meta property=\"og:title\" content=\"Acerca de IDE | IDE Tech\" \/>\n<meta property=\"og:description\" content=\"Descubra la historia y las innovaciones de IDE en el tratamiento del agua, una empresa especializada en soluciones de desalaci\u00f3n y agua industrial con un impacto global.\" \/>\n<meta property=\"og:url\" content=\"https:\/\/ide-tech.com\/es\/acerca-de-ide\/\" \/>\n<meta property=\"og:site_name\" content=\"IDE Tech\" \/>\n<meta property=\"article:modified_time\" content=\"2025-12-23T17:33:47+00:00\" \/>\n<meta name=\"twitter:card\" content=\"summary_large_image\" \/>\n<script type=\"application\/ld+json\" class=\"yoast-schema-graph\">{\"@context\":\"https:\/\/schema.org\",\"@graph\":[{\"@type\":\"WebPage\",\"@id\":\"https:\/\/ide-tech.com\/es\/acerca-de-ide\/\",\"url\":\"https:\/\/ide-tech.com\/es\/acerca-de-ide\/\",\"name\":\"Acerca de IDE | IDE Tech\",\"isPartOf\":{\"@id\":\"https:\/\/ide-tech.com\/en\/#website\"},\"datePublished\":\"2022-10-27T13:16:33+00:00\",\"dateModified\":\"2025-12-23T17:33:47+00:00\",\"description\":\"Descubra la historia y las innovaciones de IDE en el tratamiento del agua, una empresa especializada en soluciones de desalaci\u00f3n y agua industrial con un impacto global.\",\"breadcrumb\":{\"@id\":\"https:\/\/ide-tech.com\/es\/acerca-de-ide\/#breadcrumb\"},\"inLanguage\":\"es\",\"potentialAction\":[{\"@type\":\"ReadAction\",\"target\":[\"https:\/\/ide-tech.com\/es\/acerca-de-ide\/\"]}]},{\"@type\":\"BreadcrumbList\",\"@id\":\"https:\/\/ide-tech.com\/es\/acerca-de-ide\/#breadcrumb\",\"itemListElement\":[{\"@type\":\"ListItem\",\"position\":1,\"name\":\"Home\",\"item\":\"https:\/\/ide-tech.com\/es\/hogar\/\"},{\"@type\":\"ListItem\",\"position\":2,\"name\":\"Acerca de IDE\"}]},{\"@type\":\"WebSite\",\"@id\":\"https:\/\/ide-tech.com\/en\/#website\",\"url\":\"https:\/\/ide-tech.com\/en\/\",\"name\":\"IDE Tech\",\"description\":\"Your Water Partner\",\"potentialAction\":[{\"@type\":\"SearchAction\",\"target\":{\"@type\":\"EntryPoint\",\"urlTemplate\":\"https:\/\/ide-tech.com\/en\/?s={search_term_string}\"},\"query-input\":{\"@type\":\"PropertyValueSpecification\",\"valueRequired\":true,\"valueName\":\"search_term_string\"}}],\"inLanguage\":\"es\"}]}<\/script>\n<!-- \/ Yoast SEO plugin. -->","yoast_head_json":{"title":"Acerca de IDE | IDE Tech","description":"Descubra la historia y las innovaciones de IDE en el tratamiento del agua, una empresa especializada en soluciones de desalaci\u00f3n y agua industrial con un impacto global.","robots":{"index":"index","follow":"follow","max-snippet":"max-snippet:-1","max-image-preview":"max-image-preview:large","max-video-preview":"max-video-preview:-1"},"canonical":"https:\/\/ide-tech.com\/es\/acerca-de-ide\/","og_locale":"es_ES","og_type":"article","og_title":"Acerca de IDE | IDE Tech","og_description":"Descubra la historia y las innovaciones de IDE en el tratamiento del agua, una empresa especializada en soluciones de desalaci\u00f3n y agua industrial con un impacto global.","og_url":"https:\/\/ide-tech.com\/es\/acerca-de-ide\/","og_site_name":"IDE Tech","article_modified_time":"2025-12-23T17:33:47+00:00","twitter_card":"summary_large_image","schema":{"@context":"https:\/\/schema.org","@graph":[{"@type":"WebPage","@id":"https:\/\/ide-tech.com\/es\/acerca-de-ide\/","url":"https:\/\/ide-tech.com\/es\/acerca-de-ide\/","name":"Acerca de IDE | IDE Tech","isPartOf":{"@id":"https:\/\/ide-tech.com\/en\/#website"},"datePublished":"2022-10-27T13:16:33+00:00","dateModified":"2025-12-23T17:33:47+00:00","description":"Descubra la historia y las innovaciones de IDE en el tratamiento del agua, una empresa especializada en soluciones de desalaci\u00f3n y agua industrial con un impacto global.","breadcrumb":{"@id":"https:\/\/ide-tech.com\/es\/acerca-de-ide\/#breadcrumb"},"inLanguage":"es","potentialAction":[{"@type":"ReadAction","target":["https:\/\/ide-tech.com\/es\/acerca-de-ide\/"]}]},{"@type":"BreadcrumbList","@id":"https:\/\/ide-tech.com\/es\/acerca-de-ide\/#breadcrumb","itemListElement":[{"@type":"ListItem","position":1,"name":"Home","item":"https:\/\/ide-tech.com\/es\/hogar\/"},{"@type":"ListItem","position":2,"name":"Acerca de IDE"}]},{"@type":"WebSite","@id":"https:\/\/ide-tech.com\/en\/#website","url":"https:\/\/ide-tech.com\/en\/","name":"IDE Tech","description":"Your Water Partner","potentialAction":[{"@type":"SearchAction","target":{"@type":"EntryPoint","urlTemplate":"https:\/\/ide-tech.com\/en\/?s={search_term_string}"},"query-input":{"@type":"PropertyValueSpecification","valueRequired":true,"valueName":"search_term_string"}}],"inLanguage":"es"}]}},"_links":{"self":[{"href":"https:\/\/ide-tech.com\/es\/wp-json\/wp\/v2\/pages\/3039","targetHints":{"allow":["GET"]}}],"collection":[{"href":"https:\/\/ide-tech.com\/es\/wp-json\/wp\/v2\/pages"}],"about":[{"href":"https:\/\/ide-tech.com\/es\/wp-json\/wp\/v2\/types\/page"}],"author":[{"embeddable":true,"href":"https:\/\/ide-tech.com\/es\/wp-json\/wp\/v2\/users\/28"}],"replies":[{"embeddable":true,"href":"https:\/\/ide-tech.com\/es\/wp-json\/wp\/v2\/comments?post=3039"}],"version-history":[{"count":10,"href":"https:\/\/ide-tech.com\/es\/wp-json\/wp\/v2\/pages\/3039\/revisions"}],"predecessor-version":[{"id":10321,"href":"https:\/\/ide-tech.com\/es\/wp-json\/wp\/v2\/pages\/3039\/revisions\/10321"}],"wp:attachment":[{"href":"https:\/\/ide-tech.com\/es\/wp-json\/wp\/v2\/media?parent=3039"}],"curies":[{"name":"wp","href":"https:\/\/api.w.org\/{rel}","templated":true}]}}