{"id":10316,"date":"2023-01-19T09:07:11","date_gmt":"2023-01-19T09:07:11","guid":{"rendered":"https:\/\/staging.ide-tech.com\/politica-de-privacidad-y-condiciones-de-uso\/"},"modified":"2023-01-19T09:07:11","modified_gmt":"2023-01-19T09:07:11","slug":"politica-de-privacidad-y-condiciones-de-uso","status":"publish","type":"page","link":"https:\/\/ide-tech.com\/es\/politica-de-privacidad-y-condiciones-de-uso\/","title":{"rendered":"Pol\u00edtica de privacidad y condiciones de uso"},"content":{"rendered":"<p>IDE se compromete a proteger la privacidad de sus usuarios. La presente Pol\u00edtica de privacidad y condiciones de uso (\u00abpol\u00edtica\u00bb) ha sido creada para informarle sobre c\u00f3mo gestionamos, recopilamos, almacenamos y utilizamos la informaci\u00f3n que usted nos proporciona en relaci\u00f3n con nuestro sitio web (los \u00abservicios\u00bb). Adem\u00e1s, los t\u00e9rminos de esta pol\u00edtica constituyen un acuerdo legal entre usted e IDE y sus filiales corporativas.<\/p>\n<p>Ni la informaci\u00f3n ni ninguna opini\u00f3n contenida en este sitio constituyen una solicitud u oferta por parte de IDE o sus afiliados para comprar o vender valores o participar en cualquier otra transacci\u00f3n con el grupo IDE o cualquier otra persona o entidad.<\/p>\n<p><u>Nuestra Pol\u00edtica explica principalmente:<\/u>\u00a0\u2022 Qu\u00e9 informaci\u00f3n recogemos y por qu\u00e9 la recogemos.\u00a0\u2022 C\u00f3mo utilizamos esa informaci\u00f3n.\u00a0\u2022 Sus derechos con respecto a la recopilaci\u00f3n de informaci\u00f3n.<\/p>\n<p>Si no est\u00e1 de acuerdo con esta pol\u00edtica, no utilice nuestros servicios ni proporcione a IDE su informaci\u00f3n personal (tal y como se define a continuaci\u00f3n).\u00a0IDE es l\u00edder en la industria del agua con algunas de las desaladoras t\u00e9rmicas y de membrana m\u00e1s avanzadas del mundo. IDE se especializa en proporcionar soluciones de desalaci\u00f3n rentables, tanto a peque\u00f1a como a gran escala, y cuenta con una trayectoria probada en desalaci\u00f3n t\u00e9rmica y por membranas a gran escala, incluyendo algunas de las plantas m\u00e1s grandes del mundo, como las de China, India, Estados Unidos, Australia e Israel. IDE tambi\u00e9n cuenta con una experiencia probada en plantas de tratamiento de aguas industriales innovadoras que ofrecen una soluci\u00f3n fiable, sostenible y econ\u00f3mica para la industria. Adem\u00e1s, IDE desarrolla una creciente cartera de soluciones econ\u00f3micas de tratamiento de agua verde para municipios e industrias. Al crear soluciones personalizadas e integrales para sus clientes, IDE aprovecha sus tecnolog\u00edas y habilidades patentadas en gesti\u00f3n de proyectos, operaciones, soporte y financiaci\u00f3n, todas ellas desarrolladas a lo largo de casi 50 a\u00f1os de liderazgo en la industria del agua.<\/p>\n<p><strong>Informaci\u00f3n recopilada<\/strong>\u00a0Tenga en cuenta que el alcance de esta Pol\u00edtica se limita \u00fanicamente a la informaci\u00f3n recopilada por nosotros a trav\u00e9s de su uso de los Servicios. Podemos recopilar informaci\u00f3n sobre usted cuando visita e interact\u00faa con este sitio web. Parte de esta informaci\u00f3n puede recopilarse autom\u00e1ticamente, y otra parte se recopila cuando interact\u00faa con el sitio web. El tipo de informaci\u00f3n que puede recopilarse autom\u00e1ticamente incluye la fecha y hora de acceso al sitio web, la direcci\u00f3n del protocolo de Internet del ordenador que est\u00e1 utilizando, el dominio y el host desde el que accede a Internet, el software de su navegador y el sistema operativo, as\u00ed como las actividades espec\u00edficas que realiza mientras visita el sitio web.<\/p>\n<p>Adem\u00e1s, tambi\u00e9n podemos recopilar informaci\u00f3n que permita identificarle personalmente en el sitio web, incluyendo su nombre, direcci\u00f3n postal, direcci\u00f3n de correo electr\u00f3nico y n\u00famero de tel\u00e9fono (en adelante, \u00abinformaci\u00f3n personal\u00bb) o cualquier otro identificador que se obtenga cuando se ponga en contacto o se comunique con nosotros en relaci\u00f3n con su uso de este sitio web. Recopilaremos su informaci\u00f3n personal solo si usted nos la env\u00eda voluntariamente, ya sea proporcion\u00e1ndonos sus datos durante conferencias y exposiciones, o rellenando el formulario de contacto que encontrar\u00e1 en nuestro sitio web.<\/p>\n<p><strong>Uso de la informaci\u00f3n<\/strong>\u00a0En general, utilizamos su informaci\u00f3n para satisfacer sus solicitudes espec\u00edficas y enviarle otra informaci\u00f3n relacionada con su cuenta. Tambi\u00e9n utilizamos la informaci\u00f3n recopilada a trav\u00e9s de este sitio web con fines comerciales, tales como mercadotecnia, reclutamiento y contrataci\u00f3n, respuesta a consultas generales o solicitudes de atenci\u00f3n al cliente, y en el curso de la prestaci\u00f3n de Servicios a los clientes.<\/p>\n<p><strong>Base legal<\/strong>\u00a0La base legal para recopilar y utilizar la mayor parte de su informaci\u00f3n personal para los servicios de IDE es que es necesaria para la prestaci\u00f3n de los servicios pertinentes que usted contrata. Si no se proporcionan los datos obligatorios, no podremos prestarle los servicios correspondientes.<\/p>\n<p>La base legal para enviarle comunicaciones de mercadotecnia relacionadas con los servicios de IDE es que usted ha dado su consentimiento claro para que su informaci\u00f3n personal sea utilizada para ese fin espec\u00edfico.<\/p>\n<p>Si ha utilizado los Servicios de IDE en el pasado, tenemos un inter\u00e9s comercial leg\u00edtimo en cotejar la informaci\u00f3n que recopilamos con otra informaci\u00f3n que ya hayamos recopilado, con el fin de personalizar el contenido que le enviamos y hacerlo m\u00e1s adecuado y relevante para sus necesidades.<\/p>\n<p><strong>Divulgaci\u00f3n de informaci\u00f3n<\/strong>\u00a0Salvo que se disponga lo contrario en esta Pol\u00edtica, intentaremos razonablemente garantizar que nunca revelaremos intencionadamente ninguna de sus informaciones personales a terceros sin haber recibido su permiso, salvo en los casos previstos en el presente documento o seg\u00fan lo permita o exija la ley.\u00a0Divulgaremos informaci\u00f3n espec\u00edfica sobre usted o su cuenta para cumplir con cualquier investigaci\u00f3n o proceso legal v\u00e1lido, como una orden de registro, una citaci\u00f3n, una ley o una orden judicial. Tambi\u00e9n divulgaremos informaci\u00f3n espec\u00edfica en casos especiales, como si se produce un intento de violaci\u00f3n de la seguridad del sitio web o una amenaza f\u00edsica o a la propiedad hacia usted u otras personas.<\/p>\n<p>Tambi\u00e9n podemos transferir informaci\u00f3n de los usuarios, incluida la Informaci\u00f3n personal, en relaci\u00f3n con una fusi\u00f3n corporativa, consolidaci\u00f3n, venta de activos relacionados o divisi\u00f3n corporativa u otro cambio corporativo fundamental. Podemos proporcionar acceso a su informaci\u00f3n personal a nuestros contratistas que prestan servicios para nosotros en relaci\u00f3n con nuestro sitio web o los servicios que usted ha solicitado, o a nuestro personal con el fin de proporcionar servicios de atenci\u00f3n al cliente. La autoridad supervisora de dichas actividades es la Autoridad de Protecci\u00f3n de la Privacidad de Israel, y usted tiene derecho a presentar una reclamaci\u00f3n ante ella o ante cualquier otra autoridad supervisora pertinente.<\/p>\n<p><strong>Seguridad<\/strong>\u00a0Mantenemos est\u00e1ndares razonables de confidencialidad y seguridad para este sitio web y para la informaci\u00f3n personal recopilada en este sitio web. La informaci\u00f3n personal que usted proporciona est\u00e1 protegida mediante tecnolog\u00eda de seguridad est\u00e1ndar del sector. Sin embargo, es posible que alguien pueda interceptar o acceder a las comunicaciones, transmisiones o Informaci\u00f3n personal, por lo que no podemos garantizar la seguridad total de su Informaci\u00f3n personal, y cualquier informaci\u00f3n de este tipo que nos proporcione es bajo su propio riesgo.<\/p>\n<p>Tambi\u00e9n debe procurar protegerse contra el acceso no autorizado a cualquier informaci\u00f3n que utilice en relaci\u00f3n con este sitio web, y debe recordar cerrar el navegador una vez que haya completado sus actividades en el sitio web o si ha decidido alejarse de su ordenador. En caso de que determinemos que se ha producido una violaci\u00f3n de la seguridad que ha dado lugar a la divulgaci\u00f3n no autorizada de Informaci\u00f3n personal a un tercero, notificaremos a los usuarios cuya Informaci\u00f3n personal haya sido divulgada mediante la publicaci\u00f3n de dicha informaci\u00f3n en el sitio web y, si es posible contactar por correo electr\u00f3nico, haremos todo lo posible por enviar un correo electr\u00f3nico informando de la situaci\u00f3n.<\/p>\n<p><strong>Sus derechos<\/strong>\u00a0Si utiliza nuestros servicios, debe saber que tiene los siguientes derechos:\u00a01. Solicitar la rectificaci\u00f3n de su informaci\u00f3n personal cuando la informaci\u00f3n que tenemos sobre usted sea incorrecta o incompleta,\u00a02. Oponerse al procesamiento de su informaci\u00f3n personal con fines de mercadotecnia directa.\u00a03. Oponerse al tratamiento de su informaci\u00f3n personal cuando nuestra base legal para dicho tratamiento sea que dicho tratamiento es necesario para nuestros intereses leg\u00edtimos.\u00a04. Oponerse a la toma de decisiones automatizadas (incluida la elaboraci\u00f3n de perfiles) en determinadas circunstancias.\u00a05. Solicitar la eliminaci\u00f3n de su informaci\u00f3n personal en determinadas circunstancias, como cuando el tratamiento ya no sea necesario para los fines para los que fue recopilada originalmente y no exista ninguna raz\u00f3n imperiosa para que continuemos trat\u00e1ndola o almacen\u00e1ndola.\u00a06. Recibir su informaci\u00f3n personal, o solicitarnos que la transfiramos a otra organizaci\u00f3n que usted nos haya proporcionado y que procesamos por medios automatizados, cuando nuestro procesamiento se base en su consentimiento o sea necesario para el cumplimiento de un contrato con usted.<\/p>\n<p>Si desea presentar una solicitud relacionada con cualquiera de los puntos anteriores, puede ponerse en contacto con nosotros en\u00a0<a href=\"mailto:contact@ide-tech.com\">contact@ide-tech.com<\/a>.<\/p>\n<p><strong>Cookies<\/strong>\u00a0Podemos utilizar \u00abcookies\u00bb o bien otras tecnolog\u00edas o archivos (en conjunto, \u00abcookies\u00bb) para identificar c\u00f3mo los visitantes utilizan este sitio web. Esta informaci\u00f3n de seguimiento agregada puede utilizarse para ayudarnos a mejorar y optimizar la experiencia de todos los visitantes del sitio web. Si prefiere que no se almacenen estas cookies en su ordenador, puede modificar la configuraci\u00f3n de su navegador para rechazar la mayor\u00eda de las cookies o eliminar manualmente las cookies que se hayan almacenado en su ordenador. Sin embargo, al rechazar las cookies, es posible que no pueda acceder completamente a las ofertas de este sitio web.<\/p>\n<p><strong>Optar por participar o no participar<\/strong>\u00a0Usted puede optar por recibir informaci\u00f3n y materiales de nuestra parte. Si decide recibir informaci\u00f3n nuestra o de terceros, puede cambiar de opini\u00f3n m\u00e1s adelante. Si, en cualquier momento, desea dejar de recibir dicha informaci\u00f3n o darse de baja de una funci\u00f3n, puede notific\u00e1rnoslo utilizando la informaci\u00f3n de contacto proporcionada en este sitio web.<\/p>\n<p>No obstante, debe tener en cuenta que no siempre es posible eliminar o modificar por completo la informaci\u00f3n de nuestras bases de datos y servidores, aunque siempre haremos todo lo posible por hacerlo cuando usted lo solicite. Tenga en cuenta que no podemos eliminar su informaci\u00f3n de los registros de terceros a quienes se les haya proporcionado su informaci\u00f3n de conformidad con esta Pol\u00edtica.<\/p>\n<p><strong>Enlaces a otros sitios web<\/strong>\u00a0Este sitio web puede proporcionar enlaces a otros sitios web. Tenga en cuenta que estos otros sitios web no est\u00e1n cubiertos por nuestra pol\u00edtica. Esta pol\u00edtica no cubre las pr\u00e1cticas de informaci\u00f3n ejercidas por otros proveedores de productos o servicios, anunciantes u otros sitios web, empresas o individuos que no sean propiedad ni est\u00e9n controlados por IDE. Esta pol\u00edtica solo se aplica a este sitio web. Le sugerimos que, cuando enlace a otro sitio web, lea siempre la pol\u00edtica de dicho sitio web antes de facilitar cualquier informaci\u00f3n de car\u00e1cter personal.<\/p>\n<p><strong>Propiedad intelectual<\/strong>\u00a0Las marcas comerciales, marcas de servicio, nombres comerciales, logotipos y otras indicaciones de origen que aparecen en este sitio web son, seg\u00fan nuestro leal saber y entender, propiedad de IDE o de terceros que han concedido a IDE el derecho a utilizarlos en este sitio. Nada de lo contenido en este documento debe interpretarse como una concesi\u00f3n al navegador o al usuario de este sitio web del derecho a utilizar ninguna de las marcas que aparecen en este sitio web sin el permiso por escrito del propietario de las mismas. Si descarga cualquier informaci\u00f3n de este sitio, acepta que no la copiar\u00e1 ni eliminar\u00e1 u ocultar\u00e1 ning\u00fan aviso de derechos de autor u otros avisos o leyendas contenidos en dicha informaci\u00f3n.<\/p>\n<p><strong>Retenci\u00f3n de datos\u00a0<\/strong>IDE no conserva la informaci\u00f3n m\u00e1s tiempo del necesario para prestar los Servicios y para satisfacer necesidades comerciales razonables, o para otros fines esenciales, como el cumplimiento de nuestras obligaciones legales, la resoluci\u00f3n de disputas y la ejecuci\u00f3n de nuestros acuerdos. Si retira su consentimiento para que procesemos su informaci\u00f3n, eliminaremos su informaci\u00f3n personal de nuestros sistemas (a menos que los datos sean necesarios para que IDE establezca, ejerza o se defienda contra reclamaciones legales o sean necesarios para la prestaci\u00f3n de los Servicios solicitados) e informaremos a otras partes relevantes a las que hayamos revelado su informaci\u00f3n personal sobre la solicitud de eliminaci\u00f3n.<\/p>\n<p><strong>Transferencia de datos\u00a0<\/strong>No lo hacemos habitualmente, pero podemos emplear a terceras empresas y personas para facilitar los servicios o cualquier parte de los mismos, para realizar tareas (por ejemplo, sin limitaci\u00f3n, servicios de mantenimiento, gesti\u00f3n de bases de datos, an\u00e1lisis web y mejora de los servicios), para ayudarnos a analizar c\u00f3mo se utilizan los servicios y para los fines descritos en esta pol\u00edtica. Estos terceros pueden estar ubicados en pa\u00edses distintos al suyo, y podemos enviarles la informaci\u00f3n que recibimos. Estos terceros solo podr\u00e1n acceder a su informaci\u00f3n personal con el fin de realizar estas tareas en nuestro nombre y bajo obligaciones similares a las de esta Pol\u00edtica. En tales casos, estos terceros deben cumplir con nuestros requisitos de privacidad y seguridad de datos y no est\u00e1n autorizados a utilizar la informaci\u00f3n personal que reciben de nosotros para ning\u00fan otro fin. Si as\u00ed se nos solicita, y con el fin de habilitar los servicios prestados por estos terceros, podemos transferir Informaci\u00f3n personal, utilizando diversos mecanismos legales, incluidos contratos, para ayudar a garantizar que sus derechos y protecciones viajen con sus datos. Adem\u00e1s, la transferencia necesaria de informaci\u00f3n personal se llevar\u00e1 a cabo con las garant\u00edas adecuadas y apropiadas.<\/p>\n<p><strong>Acceso a la informaci\u00f3n y correcci\u00f3n<\/strong>\u00a0Tiene derecho a solicitar una copia de la informaci\u00f3n que tenemos sobre usted. Si desea obtener una copia de parte o de toda su informaci\u00f3n personal, puede ponerse en contacto con nosotros para solicitarla y es posible que le cobremos una peque\u00f1a tarifa por dicho servicio. Queremos asegurarnos de que su informaci\u00f3n personal sea precisa y est\u00e9 actualizada. Puede solicitar que se corrija o elimine la informaci\u00f3n que considere inexacta, as\u00ed como que se transmita su informaci\u00f3n personal a otro responsable del tratamiento.<\/p>\n<p><strong>Exenci\u00f3n de responsabilidad y limitaci\u00f3n de responsabilidad<\/strong>\u00a0Trabajamos diligentemente para garantizar que nuestro sitio sea preciso y est\u00e9 actualizado. Sin embargo, la naturaleza inmediata y r\u00e1pida de este medio implica que pueden producirse errores u omisiones. Le pedimos disculpas por adelantado si esto ocurriera. Aunque el sitio web intenta ser lo m\u00e1s preciso posible, no se debe considerar exhaustivo ni libre de errores. IDE no garantiza la exactitud de la informaci\u00f3n contenida en este sitio web. La informaci\u00f3n de este sitio web puede contener imprecisiones o errores t\u00e9cnicos o datos no actualizados.<\/p>\n<p>La informaci\u00f3n contenida en este sitio web se proporciona \u00abtal cual\u00bb, sin garant\u00eda de ning\u00fan tipo, ya sea expresa o impl\u00edcita, incluyendo, entre otras, las garant\u00edas impl\u00edcitas de comerciabilidad, fiabilidad, integridad, idoneidad para un fin determinado o ausencia de infracci\u00f3n. IDE se reserva el derecho a realizar cambios en este sitio web en cualquier momento y sin previo aviso. Toda la informaci\u00f3n financiera y empresarial se facilita \u00fanicamente para comodidad del lector.<\/p>\n<p>La informaci\u00f3n y los materiales de referencia aqu\u00ed contenidos est\u00e1n destinados \u00fanicamente a la informaci\u00f3n general del lector. No debe utilizarse para ning\u00fan otro fin, sino para debatir con expertos competentes en los campos pertinentes. IDE rechaza expresamente toda responsabilidad con respecto a cualquier acci\u00f3n tomada o no tomada basada en cualquier o toda la informaci\u00f3n proporcionada en o a trav\u00e9s del sitio de IDE. En ning\u00fan caso, IDE ser\u00e1 responsable ante ninguna parte por da\u00f1os directos, indirectos, punitivos, especiales o consecuentes por cualquier uso de este sitio web o de cualquier otro sitio web hipervinculado, incluyendo, sin limitaci\u00f3n, cualquier p\u00e9rdida de ganancias, p\u00e9rdida de oportunidades comerciales, interrupci\u00f3n del negocio, p\u00e9rdida de programas u otros datos en su sistema de manejo de informaci\u00f3n o de otro tipo, incluso si se nos advierte expresamente de la posibilidad de tales da\u00f1os. En los estados que no permiten algunas o todas las limitaciones de responsabilidad anteriores, la responsabilidad se limitar\u00e1 al m\u00e1ximo permitido por la ley.<\/p>\n<p><strong>Preguntas sobre nuestra pol\u00edtica<\/strong>\u00a0Si tiene alguna pregunta sobre esta pol\u00edtica o las pr\u00e1cticas descritas anteriormente, puede ponerse en contacto con nosotros a trav\u00e9s de la informaci\u00f3n de contacto proporcionada en este sitio web.<\/p>\n<p><strong>Revisiones y modificaciones de nuestra pol\u00edtica<\/strong>\u00a0Nos reservamos el derecho a revisar, enmendar o modificar esta pol\u00edtica en cualquier momento. Cuando se modifique la pol\u00edtica, actualizaremos esta publicaci\u00f3n en consecuencia. Revise esta pol\u00edtica con frecuencia para mantenerse al d\u00eda sobre nuestras pol\u00edticas actuales.<\/p>\n<p><strong>Privacidad infantil<\/strong>\u00a0El servicio no est\u00e1 destinado a ni\u00f1os menores de 16 a\u00f1os. No recopilamos de forma consciente ni intencionada informaci\u00f3n sobre ni\u00f1os menores de 16 a\u00f1os.<\/p>\n<p>SI ES MENOR DE 16 A\u00d1OS, NO PUEDE UTILIZAR EL SERVICIO DE NING\u00daN MODO.<\/p>\n<p><strong>Legislaci\u00f3n aplicable y jurisdicci\u00f3n<\/strong>\u00a0Esta pol\u00edtica se regir\u00e1 e interpretar\u00e1 de conformidad con las leyes del Estado de Israel, sin dar efecto a sus normas de elecci\u00f3n de ley aplicable. Usted acepta expresamente que la jurisdicci\u00f3n exclusiva para cualquier reclamaci\u00f3n o acci\u00f3n que surja de o est\u00e9 relacionada con esta Pol\u00edtica ser\u00e1 la de los tribunales competentes de Tel Aviv, Israel, con exclusi\u00f3n de cualquier otra jurisdicci\u00f3n.<\/p>\n<p>A MENOS QUE SE INDIQUE LO CONTRARIO, IDE ES EL RESPONSABLE DEL TRATAMIENTO DE LOS DATOS PERSONALES QUE RECOPILA A TRAV\u00c9S DE LOS SERVICIOS SUJETOS A ESTA POL\u00cdTICA.<\/p>\n","protected":false},"excerpt":{"rendered":"<p>IDE se compromete a proteger la privacidad de sus usuarios. La presente Pol\u00edtica de privacidad y condiciones de uso (\u00abpol\u00edtica\u00bb) ha sido creada para informarle sobre c\u00f3mo gestionamos, recopilamos, almacenamos y utilizamos la informaci\u00f3n que usted nos proporciona en relaci\u00f3n con nuestro sitio web (los \u00abservicios\u00bb). Adem\u00e1s, los t\u00e9rminos de esta pol\u00edtica constituyen un acuerdo [&hellip;]<\/p>\n","protected":false},"author":4,"featured_media":0,"parent":0,"menu_order":22,"comment_status":"closed","ping_status":"closed","template":"","meta":{"_acf_changed":false,"inline_featured_image":false,"footnotes":""},"class_list":["post-10316","page","type-page","status-publish","hentry"],"acf":[],"yoast_head":"<!-- This site is optimized with the Yoast SEO plugin v27.0 - https:\/\/yoast.com\/product\/yoast-seo-wordpress\/ -->\n<title>Pol\u00edtica de privacidad y condiciones de uso | IDE Tech<\/title>\n<meta name=\"robots\" content=\"index, follow, max-snippet:-1, max-image-preview:large, max-video-preview:-1\" \/>\n<link rel=\"canonical\" href=\"https:\/\/ide-tech.com\/politica-de-privacidad-y-condiciones-de-uso\/\" \/>\n<meta property=\"og:locale\" content=\"es_ES\" \/>\n<meta property=\"og:type\" content=\"article\" \/>\n<meta property=\"og:title\" content=\"Pol\u00edtica de privacidad y condiciones de uso | IDE Tech\" \/>\n<meta property=\"og:description\" content=\"IDE se compromete a proteger la privacidad de sus usuarios. La presente Pol\u00edtica de privacidad y condiciones de uso (\u00abpol\u00edtica\u00bb) ha sido creada para informarle sobre c\u00f3mo gestionamos, recopilamos, almacenamos y utilizamos la informaci\u00f3n que usted nos proporciona en relaci\u00f3n con nuestro sitio web (los \u00abservicios\u00bb). Adem\u00e1s, los t\u00e9rminos de esta pol\u00edtica constituyen un acuerdo [&hellip;]\" \/>\n<meta property=\"og:url\" content=\"https:\/\/ide-tech.com\/politica-de-privacidad-y-condiciones-de-uso\/\" \/>\n<meta property=\"og:site_name\" content=\"IDE Tech\" \/>\n<meta name=\"twitter:card\" content=\"summary_large_image\" \/>\n<meta name=\"twitter:label1\" content=\"Tiempo de lectura\" \/>\n\t<meta name=\"twitter:data1\" content=\"15 minutos\" \/>\n<script type=\"application\/ld+json\" class=\"yoast-schema-graph\">{\"@context\":\"https:\/\/schema.org\",\"@graph\":[{\"@type\":\"WebPage\",\"@id\":\"https:\/\/ide-tech.com\/politica-de-privacidad-y-condiciones-de-uso\/\",\"url\":\"https:\/\/ide-tech.com\/politica-de-privacidad-y-condiciones-de-uso\/\",\"name\":\"Pol\u00edtica de privacidad y condiciones de uso | IDE Tech\",\"isPartOf\":{\"@id\":\"https:\/\/ide-tech.com\/en\/#website\"},\"datePublished\":\"2023-01-19T09:07:11+00:00\",\"breadcrumb\":{\"@id\":\"https:\/\/ide-tech.com\/politica-de-privacidad-y-condiciones-de-uso\/#breadcrumb\"},\"inLanguage\":\"es\",\"potentialAction\":[{\"@type\":\"ReadAction\",\"target\":[\"https:\/\/ide-tech.com\/politica-de-privacidad-y-condiciones-de-uso\/\"]}]},{\"@type\":\"BreadcrumbList\",\"@id\":\"https:\/\/ide-tech.com\/politica-de-privacidad-y-condiciones-de-uso\/#breadcrumb\",\"itemListElement\":[{\"@type\":\"ListItem\",\"position\":1,\"name\":\"Home\",\"item\":\"https:\/\/ide-tech.com\/es\/hogar\/\"},{\"@type\":\"ListItem\",\"position\":2,\"name\":\"Pol\u00edtica de privacidad y condiciones de uso\"}]},{\"@type\":\"WebSite\",\"@id\":\"https:\/\/ide-tech.com\/en\/#website\",\"url\":\"https:\/\/ide-tech.com\/en\/\",\"name\":\"IDE Tech\",\"description\":\"Your Water Partner\",\"potentialAction\":[{\"@type\":\"SearchAction\",\"target\":{\"@type\":\"EntryPoint\",\"urlTemplate\":\"https:\/\/ide-tech.com\/en\/?s={search_term_string}\"},\"query-input\":{\"@type\":\"PropertyValueSpecification\",\"valueRequired\":true,\"valueName\":\"search_term_string\"}}],\"inLanguage\":\"es\"}]}<\/script>\n<!-- \/ Yoast SEO plugin. -->","yoast_head_json":{"title":"Pol\u00edtica de privacidad y condiciones de uso | IDE Tech","robots":{"index":"index","follow":"follow","max-snippet":"max-snippet:-1","max-image-preview":"max-image-preview:large","max-video-preview":"max-video-preview:-1"},"canonical":"https:\/\/ide-tech.com\/politica-de-privacidad-y-condiciones-de-uso\/","og_locale":"es_ES","og_type":"article","og_title":"Pol\u00edtica de privacidad y condiciones de uso | IDE Tech","og_description":"IDE se compromete a proteger la privacidad de sus usuarios. La presente Pol\u00edtica de privacidad y condiciones de uso (\u00abpol\u00edtica\u00bb) ha sido creada para informarle sobre c\u00f3mo gestionamos, recopilamos, almacenamos y utilizamos la informaci\u00f3n que usted nos proporciona en relaci\u00f3n con nuestro sitio web (los \u00abservicios\u00bb). Adem\u00e1s, los t\u00e9rminos de esta pol\u00edtica constituyen un acuerdo [&hellip;]","og_url":"https:\/\/ide-tech.com\/politica-de-privacidad-y-condiciones-de-uso\/","og_site_name":"IDE Tech","twitter_card":"summary_large_image","twitter_misc":{"Tiempo de lectura":"15 minutos"},"schema":{"@context":"https:\/\/schema.org","@graph":[{"@type":"WebPage","@id":"https:\/\/ide-tech.com\/politica-de-privacidad-y-condiciones-de-uso\/","url":"https:\/\/ide-tech.com\/politica-de-privacidad-y-condiciones-de-uso\/","name":"Pol\u00edtica de privacidad y condiciones de uso | IDE Tech","isPartOf":{"@id":"https:\/\/ide-tech.com\/en\/#website"},"datePublished":"2023-01-19T09:07:11+00:00","breadcrumb":{"@id":"https:\/\/ide-tech.com\/politica-de-privacidad-y-condiciones-de-uso\/#breadcrumb"},"inLanguage":"es","potentialAction":[{"@type":"ReadAction","target":["https:\/\/ide-tech.com\/politica-de-privacidad-y-condiciones-de-uso\/"]}]},{"@type":"BreadcrumbList","@id":"https:\/\/ide-tech.com\/politica-de-privacidad-y-condiciones-de-uso\/#breadcrumb","itemListElement":[{"@type":"ListItem","position":1,"name":"Home","item":"https:\/\/ide-tech.com\/es\/hogar\/"},{"@type":"ListItem","position":2,"name":"Pol\u00edtica de privacidad y condiciones de uso"}]},{"@type":"WebSite","@id":"https:\/\/ide-tech.com\/en\/#website","url":"https:\/\/ide-tech.com\/en\/","name":"IDE Tech","description":"Your Water Partner","potentialAction":[{"@type":"SearchAction","target":{"@type":"EntryPoint","urlTemplate":"https:\/\/ide-tech.com\/en\/?s={search_term_string}"},"query-input":{"@type":"PropertyValueSpecification","valueRequired":true,"valueName":"search_term_string"}}],"inLanguage":"es"}]}},"_links":{"self":[{"href":"https:\/\/ide-tech.com\/es\/wp-json\/wp\/v2\/pages\/10316","targetHints":{"allow":["GET"]}}],"collection":[{"href":"https:\/\/ide-tech.com\/es\/wp-json\/wp\/v2\/pages"}],"about":[{"href":"https:\/\/ide-tech.com\/es\/wp-json\/wp\/v2\/types\/page"}],"author":[{"embeddable":true,"href":"https:\/\/ide-tech.com\/es\/wp-json\/wp\/v2\/users\/4"}],"replies":[{"embeddable":true,"href":"https:\/\/ide-tech.com\/es\/wp-json\/wp\/v2\/comments?post=10316"}],"version-history":[{"count":0,"href":"https:\/\/ide-tech.com\/es\/wp-json\/wp\/v2\/pages\/10316\/revisions"}],"wp:attachment":[{"href":"https:\/\/ide-tech.com\/es\/wp-json\/wp\/v2\/media?parent=10316"}],"curies":[{"name":"wp","href":"https:\/\/api.w.org\/{rel}","templated":true}]}}