{"id":10313,"date":"2023-02-15T09:30:17","date_gmt":"2023-02-15T09:30:17","guid":{"rendered":"https:\/\/staging.ide-tech.com\/tradicion-de-innovacion\/"},"modified":"2023-02-15T09:30:17","modified_gmt":"2023-02-15T09:30:17","slug":"tradicion-de-innovacion","status":"publish","type":"page","link":"https:\/\/ide-tech.com\/es\/tradicion-de-innovacion\/","title":{"rendered":"Tradici\u00f3n de innovaci\u00f3n"},"content":{"rendered":"<p>IDE siempre ha estado a la vanguardia de la innovaci\u00f3n, dedicando considerables recursos a reclutar y reunir a uno de los equipos de ingenier\u00eda e I+D m\u00e1s grandes y experimentados de la industria, e invirtiendo en un centro de I+D en crecimiento.<br \/>\nContamos con m\u00e1s de 90 patentes concedidas y pendientes dentro de nuestra extensa cartera de propiedad intelectual, as\u00ed como numerosas innovaciones tecnol\u00f3gicas que hacen que las desaladoras sean m\u00e1s sostenibles.\u00a0 Esto permite a IDE ofrecer a sus clientes soluciones econ\u00f3micas, eficientes y fiables que reducen los costes CAPEX y OPEX, al tiempo que generan un s\u00f3lido impacto positivo en el medio ambiente.<\/p>\n<p>&nbsp;<\/p>\n<p><img loading=\"lazy\" decoding=\"async\" class=\" wp-image-5439 aligncenter\" src=\"https:\/\/ide-tech.com\/wp-content\/uploads\/2023\/01\/turkiz-wave-small.svg\" alt=\"\" width=\"208\" height=\"45\" \/><\/p>\n<h3><\/h3>\n<p>&nbsp;<\/p>\n<h3><b>Nuestros innovadores avances tecnol\u00f3gicos<\/b><\/h3>\n<p><span style=\"font-weight: 400;\">IDE se ha convertido en l\u00edder en la industria del agua y las aguas residuales al ofrecer \u00a0soluciones innovadoras y rentables. En IDE, no innovamos solo por innovar, sino que utilizamos nuestra experiencia, conocimientos y equipos dedicados de I+D e ingenier\u00eda para desarrollar tecnolog\u00edas y soluciones a medida que resuelven las necesidades y retos de nuestros clientes. Nuestros avances tecnol\u00f3gicos est\u00e1n impulsados por una tradici\u00f3n de innovaci\u00f3n <\/span><span style=\"font-weight: 400;\">y contribuyen <\/span><span style=\"font-weight: 400;\">a crear el acceso al agua purificada para millones de personas en todo el mundo.\u00a0<\/span><\/p>\n<p><span style=\"font-weight: 400;\">A lo largo de los a\u00f1os, nuestras soluciones innovadoras y nuestro impacto positivo en el mundo han recibido el reconocimiento global de toda la industria del agua y m\u00e1s all\u00e1. Este reconocimiento se refleja en los numerosos premios que hemos ganado, entre ellos, el \u00abTop 50 Smartest Companies\u00bb del MIT, el premio GWI a la \u00ab<\/span><span style=\"font-weight: 400;\">Empresa de Desalaci\u00f3n del A\u00f1o\u00bb, la \u00abInstalaci\u00f3n de Membranas del A\u00f1o\u00bb en la Conferencia de Tecnolog\u00eda de Membranas de 2017, el prestigioso premio GWI a la \u00abDesaladora del A\u00f1o\u00bb por la planta de Carlsbad, el Premio GWI 2020 al \u00abProyecto de Aguas Residuales del A\u00f1o\u00bb (para la planta de \u00f3smosis inversa de tratamiento terciario de Koyambedu), el \u00abPremio a la Tecnolog\u00eda Emergente\u00bb de la revista Mechanical Engineering Magazine, el <\/span><span style=\"font-weight: 400;\"><\/span><span style=\"font-weight: 400;\">\u00abPremio Mundial a la Tecnolog\u00eda para el Medio Ambiente\u00bb de la World Technology Network, la lista \u00ab2016 Change the World\u00bb de la revista Fortune, que reconoce a 50 empresas que est\u00e1n abordando los mayores problemas de la sociedad, y muchos m\u00e1s.<\/span><\/p>\n<p>&nbsp;<\/p>\n<p><img loading=\"lazy\" decoding=\"async\" class=\"wp-image-5419 alignright\" src=\"https:\/\/ide-tech.com\/wp-content\/uploads\/2023\/01\/circles-1-50.svg\" alt=\"\" width=\"40\" height=\"36\" \/><img decoding=\"async\" class=\"aligncenter\" src=\"https:\/\/ide-tech.com\/wp-content\/uploads\/2023\/01\/turkiz-wave-small.svg\" \/><\/p>\n<p>&nbsp;<\/p>\n<h3><b>Soluciones innovadoras para el agua para cada desaf\u00edo<\/b><\/h3>\n<p><b>Desalaci\u00f3n de agua de mar<br \/>\n<\/b><span style=\"font-weight: 400;\">En respuesta a la creciente demanda de agua y a las estrictas normativas sobre la calidad del agua, la desalaci\u00f3n ha cobrado cada vez m\u00e1s importancia para garantizar un suministro suficiente de agua dulce. Como pionera en algunas de las instalaciones de desalaci\u00f3n m\u00e1s grandes del mundo, IDE ha demostrado su capacidad innovadora mediante el dise\u00f1o y la construcci\u00f3n de <a href=\"https:\/\/ide-tech.com\/es\/soluciones-de-agua\/desalacion-de-agua-de-mar\/\">desaladoras t\u00e9rmicas y de membranas<\/a> en todo el mundo.<\/span><\/p>\n<p>&nbsp;<\/p>\n<p><b>Tratamiento de aguas industriales<br \/>\n<\/b><span style=\"font-weight: 400;\">Las soluciones econ\u00f3micas, sostenibles y fiables de IDE para el tratamiento de aguas transforman los retos del tratamiento de aguas residuales industriales en valiosos activos h\u00eddricos. Nuestras innovadoras soluciones de gesti\u00f3n de salmuera, basadas en nuestra l\u00ednea de productos patentada\u00a0<a href=\"https:\/\/ide-tech.com\/es\/soluciones-de-agua\/tratamiento-de-aguas-industriales\/ro\/desaladora-max-h2o\/\">MAXH2O<\/a>, minimizan el volumen de salmuera, maximizan la recuperaci\u00f3n de agua dulce, reducen los costes de eliminaci\u00f3n y cumplen los requisitos normativos.<\/span><\/p>\n<p>&nbsp;<\/p>\n<p><b>Reutilizaci\u00f3n municipal del agua<\/b><span style=\"font-weight: 400;\"><br \/>\n<\/span><span style=\"font-weight: 400;\">Los gobiernos municipales y locales se enfrentan a un aumento de la poblaci\u00f3n, al crecimiento industrial, a normativas m\u00e1s estrictas y a una disminuci\u00f3n del suministro de agua dulce como consecuencia del cambio clim\u00e1tico.<br \/>\n<\/span><span style=\"font-weight: 400;\">IDE se asocia con municipios de todo el mundo para superar estos desaf\u00edos de manera inteligente, eficiente, ecol\u00f3gica y econ\u00f3mica. Nuestros servicios incluyen todo lo necesario para dise\u00f1ar, mantener y actualizar instalaciones de tratamiento de agua y aguas residuales con el fin de satisfacer las diversas necesidades de tratamiento de agua, aguas residuales y bios\u00f3lidos de los municipios de todo el mundo.<\/span><\/p>\n<p>&nbsp;<\/p>\n<p><img decoding=\"async\" class=\"aligncenter\" src=\"https:\/\/ide-tech.com\/wp-content\/uploads\/2023\/01\/turkiz-wave-small.svg\" \/><\/p>\n<h3><\/h3>\n<h3><\/h3>\n<h3><b>Aprovechar la innovaci\u00f3n para impulsar la eficiencia energ\u00e9tica<br \/>\n<\/b><\/h3>\n<p><span style=\"font-weight: 400;\">La meta de mejorar la <a href=\"https:\/\/ide-tech.com\/es\/sustentabilidad\/\">eficiencia energ\u00e9tica<\/a> siempre ha sido una prioridad en IDE. Como parte de nuestros esfuerzos continuos por reducir el consumo energ\u00e9tico de nuestras desaladoras, evaluamos, analizamos y trabajamos constantemente para mejorar su funcionamiento. Al hacerlo, tenemos en cuenta tanto la cantidad y el coste de la energ\u00eda como su fuente.<\/span><\/p>\n<p>&nbsp;<\/p>\n<p>&nbsp;<\/p>\n","protected":false},"excerpt":{"rendered":"<p>IDE siempre ha estado a la vanguardia de la innovaci\u00f3n, dedicando considerables recursos a reclutar y reunir a uno de los equipos de ingenier\u00eda e I+D m\u00e1s grandes y experimentados de la industria, e invirtiendo en un centro de I+D en crecimiento. Contamos con m\u00e1s de 90 patentes concedidas y pendientes dentro de nuestra extensa [&hellip;]<\/p>\n","protected":false},"author":4,"featured_media":0,"parent":0,"menu_order":24,"comment_status":"closed","ping_status":"closed","template":"common-page.php","meta":{"_acf_changed":false,"inline_featured_image":false,"footnotes":""},"class_list":["post-10313","page","type-page","status-publish","hentry"],"acf":[],"yoast_head":"<!-- This site is optimized with the Yoast SEO plugin v27.0 - https:\/\/yoast.com\/product\/yoast-seo-wordpress\/ -->\n<title>Tradici\u00f3n de innovaci\u00f3n | IDE Tech<\/title>\n<meta name=\"description\" content=\"Descubra las innovadoras soluciones para el agua de IDE, que establecen est\u00e1ndares globales en tecnolog\u00edas de desalaci\u00f3n, reutilizaci\u00f3n y tratamiento sostenible del agua.\" \/>\n<meta name=\"robots\" content=\"index, follow, max-snippet:-1, max-image-preview:large, max-video-preview:-1\" \/>\n<link rel=\"canonical\" href=\"https:\/\/ide-tech.com\/es\/tradicion-de-innovacion\/\" \/>\n<meta property=\"og:locale\" content=\"es_ES\" \/>\n<meta property=\"og:type\" content=\"article\" \/>\n<meta property=\"og:title\" content=\"Tradici\u00f3n de innovaci\u00f3n | IDE Tech\" \/>\n<meta property=\"og:description\" content=\"Descubra las innovadoras soluciones para el agua de IDE, que establecen est\u00e1ndares globales en tecnolog\u00edas de desalaci\u00f3n, reutilizaci\u00f3n y tratamiento sostenible del agua.\" \/>\n<meta property=\"og:url\" content=\"https:\/\/ide-tech.com\/es\/tradicion-de-innovacion\/\" \/>\n<meta property=\"og:site_name\" content=\"IDE Tech\" \/>\n<meta property=\"og:image\" content=\"https:\/\/ide-tech.com\/wp-content\/uploads\/2023\/01\/turkiz-wave-small.svg\" \/>\n<meta name=\"twitter:card\" content=\"summary_large_image\" \/>\n<meta name=\"twitter:label1\" content=\"Tiempo de lectura\" \/>\n\t<meta name=\"twitter:data1\" content=\"4 minutos\" \/>\n<script type=\"application\/ld+json\" class=\"yoast-schema-graph\">{\"@context\":\"https:\/\/schema.org\",\"@graph\":[{\"@type\":\"WebPage\",\"@id\":\"https:\/\/ide-tech.com\/es\/tradicion-de-innovacion\/\",\"url\":\"https:\/\/ide-tech.com\/es\/tradicion-de-innovacion\/\",\"name\":\"Tradici\u00f3n de innovaci\u00f3n | IDE Tech\",\"isPartOf\":{\"@id\":\"https:\/\/ide-tech.com\/en\/#website\"},\"primaryImageOfPage\":{\"@id\":\"https:\/\/ide-tech.com\/es\/tradicion-de-innovacion\/#primaryimage\"},\"image\":{\"@id\":\"https:\/\/ide-tech.com\/es\/tradicion-de-innovacion\/#primaryimage\"},\"thumbnailUrl\":\"https:\/\/ide-tech.com\/wp-content\/uploads\/2023\/01\/turkiz-wave-small.svg\",\"datePublished\":\"2023-02-15T09:30:17+00:00\",\"description\":\"Descubra las innovadoras soluciones para el agua de IDE, que establecen est\u00e1ndares globales en tecnolog\u00edas de desalaci\u00f3n, reutilizaci\u00f3n y tratamiento sostenible del agua.\",\"breadcrumb\":{\"@id\":\"https:\/\/ide-tech.com\/es\/tradicion-de-innovacion\/#breadcrumb\"},\"inLanguage\":\"es\",\"potentialAction\":[{\"@type\":\"ReadAction\",\"target\":[\"https:\/\/ide-tech.com\/es\/tradicion-de-innovacion\/\"]}]},{\"@type\":\"ImageObject\",\"inLanguage\":\"es\",\"@id\":\"https:\/\/ide-tech.com\/es\/tradicion-de-innovacion\/#primaryimage\",\"url\":\"https:\/\/ide-tech.com\/wp-content\/uploads\/2023\/01\/turkiz-wave-small.svg\",\"contentUrl\":\"https:\/\/ide-tech.com\/wp-content\/uploads\/2023\/01\/turkiz-wave-small.svg\"},{\"@type\":\"BreadcrumbList\",\"@id\":\"https:\/\/ide-tech.com\/es\/tradicion-de-innovacion\/#breadcrumb\",\"itemListElement\":[{\"@type\":\"ListItem\",\"position\":1,\"name\":\"Home\",\"item\":\"https:\/\/ide-tech.com\/es\/hogar\/\"},{\"@type\":\"ListItem\",\"position\":2,\"name\":\"Tradici\u00f3n de innovaci\u00f3n\"}]},{\"@type\":\"WebSite\",\"@id\":\"https:\/\/ide-tech.com\/en\/#website\",\"url\":\"https:\/\/ide-tech.com\/en\/\",\"name\":\"IDE Tech\",\"description\":\"Your Water Partner\",\"potentialAction\":[{\"@type\":\"SearchAction\",\"target\":{\"@type\":\"EntryPoint\",\"urlTemplate\":\"https:\/\/ide-tech.com\/en\/?s={search_term_string}\"},\"query-input\":{\"@type\":\"PropertyValueSpecification\",\"valueRequired\":true,\"valueName\":\"search_term_string\"}}],\"inLanguage\":\"es\"}]}<\/script>\n<!-- \/ Yoast SEO plugin. -->","yoast_head_json":{"title":"Tradici\u00f3n de innovaci\u00f3n | IDE Tech","description":"Descubra las innovadoras soluciones para el agua de IDE, que establecen est\u00e1ndares globales en tecnolog\u00edas de desalaci\u00f3n, reutilizaci\u00f3n y tratamiento sostenible del agua.","robots":{"index":"index","follow":"follow","max-snippet":"max-snippet:-1","max-image-preview":"max-image-preview:large","max-video-preview":"max-video-preview:-1"},"canonical":"https:\/\/ide-tech.com\/es\/tradicion-de-innovacion\/","og_locale":"es_ES","og_type":"article","og_title":"Tradici\u00f3n de innovaci\u00f3n | IDE Tech","og_description":"Descubra las innovadoras soluciones para el agua de IDE, que establecen est\u00e1ndares globales en tecnolog\u00edas de desalaci\u00f3n, reutilizaci\u00f3n y tratamiento sostenible del agua.","og_url":"https:\/\/ide-tech.com\/es\/tradicion-de-innovacion\/","og_site_name":"IDE Tech","og_image":[{"url":"https:\/\/ide-tech.com\/wp-content\/uploads\/2023\/01\/turkiz-wave-small.svg","type":"","width":"","height":""}],"twitter_card":"summary_large_image","twitter_misc":{"Tiempo de lectura":"4 minutos"},"schema":{"@context":"https:\/\/schema.org","@graph":[{"@type":"WebPage","@id":"https:\/\/ide-tech.com\/es\/tradicion-de-innovacion\/","url":"https:\/\/ide-tech.com\/es\/tradicion-de-innovacion\/","name":"Tradici\u00f3n de innovaci\u00f3n | IDE Tech","isPartOf":{"@id":"https:\/\/ide-tech.com\/en\/#website"},"primaryImageOfPage":{"@id":"https:\/\/ide-tech.com\/es\/tradicion-de-innovacion\/#primaryimage"},"image":{"@id":"https:\/\/ide-tech.com\/es\/tradicion-de-innovacion\/#primaryimage"},"thumbnailUrl":"https:\/\/ide-tech.com\/wp-content\/uploads\/2023\/01\/turkiz-wave-small.svg","datePublished":"2023-02-15T09:30:17+00:00","description":"Descubra las innovadoras soluciones para el agua de IDE, que establecen est\u00e1ndares globales en tecnolog\u00edas de desalaci\u00f3n, reutilizaci\u00f3n y tratamiento sostenible del agua.","breadcrumb":{"@id":"https:\/\/ide-tech.com\/es\/tradicion-de-innovacion\/#breadcrumb"},"inLanguage":"es","potentialAction":[{"@type":"ReadAction","target":["https:\/\/ide-tech.com\/es\/tradicion-de-innovacion\/"]}]},{"@type":"ImageObject","inLanguage":"es","@id":"https:\/\/ide-tech.com\/es\/tradicion-de-innovacion\/#primaryimage","url":"https:\/\/ide-tech.com\/wp-content\/uploads\/2023\/01\/turkiz-wave-small.svg","contentUrl":"https:\/\/ide-tech.com\/wp-content\/uploads\/2023\/01\/turkiz-wave-small.svg"},{"@type":"BreadcrumbList","@id":"https:\/\/ide-tech.com\/es\/tradicion-de-innovacion\/#breadcrumb","itemListElement":[{"@type":"ListItem","position":1,"name":"Home","item":"https:\/\/ide-tech.com\/es\/hogar\/"},{"@type":"ListItem","position":2,"name":"Tradici\u00f3n de innovaci\u00f3n"}]},{"@type":"WebSite","@id":"https:\/\/ide-tech.com\/en\/#website","url":"https:\/\/ide-tech.com\/en\/","name":"IDE Tech","description":"Your Water Partner","potentialAction":[{"@type":"SearchAction","target":{"@type":"EntryPoint","urlTemplate":"https:\/\/ide-tech.com\/en\/?s={search_term_string}"},"query-input":{"@type":"PropertyValueSpecification","valueRequired":true,"valueName":"search_term_string"}}],"inLanguage":"es"}]}},"_links":{"self":[{"href":"https:\/\/ide-tech.com\/es\/wp-json\/wp\/v2\/pages\/10313","targetHints":{"allow":["GET"]}}],"collection":[{"href":"https:\/\/ide-tech.com\/es\/wp-json\/wp\/v2\/pages"}],"about":[{"href":"https:\/\/ide-tech.com\/es\/wp-json\/wp\/v2\/types\/page"}],"author":[{"embeddable":true,"href":"https:\/\/ide-tech.com\/es\/wp-json\/wp\/v2\/users\/4"}],"replies":[{"embeddable":true,"href":"https:\/\/ide-tech.com\/es\/wp-json\/wp\/v2\/comments?post=10313"}],"version-history":[{"count":0,"href":"https:\/\/ide-tech.com\/es\/wp-json\/wp\/v2\/pages\/10313\/revisions"}],"wp:attachment":[{"href":"https:\/\/ide-tech.com\/es\/wp-json\/wp\/v2\/media?parent=10313"}],"curies":[{"name":"wp","href":"https:\/\/api.w.org\/{rel}","templated":true}]}}