{"id":10306,"date":"2023-01-22T12:42:47","date_gmt":"2023-01-22T12:42:47","guid":{"rendered":"https:\/\/staging.ide-tech.com\/vim\/"},"modified":"2023-01-22T12:42:47","modified_gmt":"2023-01-22T12:42:47","slug":"vim","status":"publish","type":"page","link":"https:\/\/ide-tech.com\/es\/vim\/","title":{"rendered":"VIM"},"content":{"rendered":"<div id=\"ide_table\" class=\"table_row\">\n<div class=\"site_width\">\n<div class=\"table_container\">\n<div class=\"table_container_scroll\">\n<table>\n<tbody>\n<tr>\n<td>\n<h3>Especificaciones<\/h3>\n<\/td>\n<td>\n<h3>VIM400 (Nieve)<\/h3>\n<\/td>\n<td>\n<h3>VIM850 (Nieve)<\/h3>\n<\/td>\n<\/tr>\n<tr>\n<td>Capacidad de producci\u00f3n de nieve<br \/>\n(a una temperatura del agua de alimentaci\u00f3n de 4,5 \u00b0C\/40 \u00b0F)<\/td>\n<td>560 toneladas de nieve\/d\u00eda<\/td>\n<td>1120 toneladas de nieve\/d\u00eda<\/td>\n<\/tr>\n<tr>\n<td>Capacidad volum\u00e9trica de innivaci\u00f3n<sup>1<\/sup><br \/>\n(a una temperatura del agua de alimentaci\u00f3n de 4,5 \u00b0C\/40 \u00b0F)<\/td>\n<td>860 m<sup>3<\/sup>\/d\u00eda<\/td>\n<td>1,720 m<sup>3<\/sup>\/d\u00eda<\/td>\n<\/tr>\n<tr>\n<td>Consumo de energ\u00eda dise\u00f1ado<\/td>\n<td>235 kW<\/td>\n<td>397 kW<\/td>\n<\/tr>\n<tr>\n<td>Calidad de la nieve<\/td>\n<td colspan=\"2\">\u00abNieve primaveral\u00bb<\/td>\n<\/tr>\n<tr>\n<td>Tama\u00f1o del grano de nieve<\/td>\n<td colspan=\"2\">0,5 &#8211; 1,0 mm<br \/>\n0,02-0,04 pulgadas<\/td>\n<\/tr>\n<\/tbody>\n<\/table>\n<p>&nbsp;<\/p>\n<ul>\n<li>Considerando una densidad media de la nieve de 650 kg\/m<sup>3<\/sup>\u00a0(40,6 lb\/ft3) a la salida del conducto concentrador de nieve. Una vez drenada del agua de acceso, la densidad de la nieve suele ser de 550 kg\/m<sup>3<\/sup>\u00a0(34,3 lb\/pie3). | 2 El consumo energ\u00e9tico anterior se refiere s\u00f3lo a la unidad VIM y no incluye el sistema de refrigeraci\u00f3n de apoyo (enfriadora, torre de refrigeraci\u00f3n y bomba de circulaci\u00f3n de la torre de refrigeraci\u00f3n).<\/li>\n<\/ul>\n<\/div>\n<\/div>\n<\/div>\n<\/div>\n<div class=\"icons_strip\">\n<div class=\"icons_container\">\n<div class=\"site_width\">\n<h3><\/h3>\n<h3>Beneficios<\/h3>\n<p><img loading=\"lazy\" decoding=\"async\" class=\"alignnone wp-image-6265\" src=\"https:\/\/ide-tech.com\/wp-content\/uploads\/2023\/01\/Screen-Shot-2023-01-22-at-14.54.50-300x90.png\" alt=\"\" width=\"1057\" height=\"317\" srcset=\"https:\/\/ide-tech.com\/wp-content\/uploads\/2023\/01\/Screen-Shot-2023-01-22-at-14.54.50-300x90.png 300w, https:\/\/ide-tech.com\/wp-content\/uploads\/2023\/01\/Screen-Shot-2023-01-22-at-14.54.50-1024x306.png 1024w, https:\/\/ide-tech.com\/wp-content\/uploads\/2023\/01\/Screen-Shot-2023-01-22-at-14.54.50-768x229.png 768w, https:\/\/ide-tech.com\/wp-content\/uploads\/2023\/01\/Screen-Shot-2023-01-22-at-14.54.50.png 1286w\" sizes=\"auto, (max-width: 1057px) 100vw, 1057px\" \/><\/p>\n<\/div>\n<\/div>\n<\/div>\n","protected":false},"excerpt":{"rendered":"<p>Especificaciones VIM400 (Nieve) VIM850 (Nieve) Capacidad de producci\u00f3n de nieve (a una temperatura del agua de alimentaci\u00f3n de 4,5 \u00b0C\/40 \u00b0F) 560 toneladas de nieve\/d\u00eda 1120 toneladas de nieve\/d\u00eda Capacidad volum\u00e9trica de innivaci\u00f3n1 (a una temperatura del agua de alimentaci\u00f3n de 4,5 \u00b0C\/40 \u00b0F) 860 m3\/d\u00eda 1,720 m3\/d\u00eda Consumo de energ\u00eda dise\u00f1ado 235 kW 397 [&hellip;]<\/p>\n","protected":false},"author":28,"featured_media":0,"parent":0,"menu_order":108,"comment_status":"closed","ping_status":"closed","template":"page-pretreatment.php","meta":{"_acf_changed":false,"inline_featured_image":false,"footnotes":""},"class_list":["post-10306","page","type-page","status-publish","hentry"],"acf":[],"yoast_head":"<!-- This site is optimized with the Yoast SEO plugin v27.0 - https:\/\/yoast.com\/product\/yoast-seo-wordpress\/ -->\n<title>VIM | IDE Tech<\/title>\n<meta name=\"description\" content=\"El generador de nieve VIM permite separar eficazmente la sal al convertir el concentrado en nieve cristalizada mediante una tecnolog\u00eda de congelaci\u00f3n controlada.\" \/>\n<meta name=\"robots\" content=\"index, follow, max-snippet:-1, max-image-preview:large, max-video-preview:-1\" \/>\n<link rel=\"canonical\" href=\"https:\/\/ide-tech.com\/es\/vim\/\" \/>\n<meta property=\"og:locale\" content=\"es_ES\" \/>\n<meta property=\"og:type\" content=\"article\" \/>\n<meta property=\"og:title\" content=\"VIM | IDE Tech\" \/>\n<meta property=\"og:description\" content=\"El generador de nieve VIM permite separar eficazmente la sal al convertir el concentrado en nieve cristalizada mediante una tecnolog\u00eda de congelaci\u00f3n controlada.\" \/>\n<meta property=\"og:url\" content=\"https:\/\/ide-tech.com\/es\/vim\/\" \/>\n<meta property=\"og:site_name\" content=\"IDE Tech\" \/>\n<meta property=\"og:image\" content=\"https:\/\/ide-tech.com\/wp-content\/uploads\/2023\/01\/Screen-Shot-2023-01-22-at-14.54.50.png\" \/>\n\t<meta property=\"og:image:width\" content=\"1286\" \/>\n\t<meta property=\"og:image:height\" content=\"384\" \/>\n\t<meta property=\"og:image:type\" content=\"image\/png\" \/>\n<meta name=\"twitter:card\" content=\"summary_large_image\" \/>\n<meta name=\"twitter:label1\" content=\"Tiempo de lectura\" \/>\n\t<meta name=\"twitter:data1\" content=\"1 minuto\" \/>\n<script type=\"application\/ld+json\" class=\"yoast-schema-graph\">{\"@context\":\"https:\/\/schema.org\",\"@graph\":[{\"@type\":\"WebPage\",\"@id\":\"https:\/\/ide-tech.com\/es\/vim\/\",\"url\":\"https:\/\/ide-tech.com\/es\/vim\/\",\"name\":\"VIM | IDE Tech\",\"isPartOf\":{\"@id\":\"https:\/\/ide-tech.com\/en\/#website\"},\"primaryImageOfPage\":{\"@id\":\"https:\/\/ide-tech.com\/es\/vim\/#primaryimage\"},\"image\":{\"@id\":\"https:\/\/ide-tech.com\/es\/vim\/#primaryimage\"},\"thumbnailUrl\":\"https:\/\/ide-tech.com\/wp-content\/uploads\/2023\/01\/Screen-Shot-2023-01-22-at-14.54.50-300x90.png\",\"datePublished\":\"2023-01-22T12:42:47+00:00\",\"description\":\"El generador de nieve VIM permite separar eficazmente la sal al convertir el concentrado en nieve cristalizada mediante una tecnolog\u00eda de congelaci\u00f3n controlada.\",\"breadcrumb\":{\"@id\":\"https:\/\/ide-tech.com\/es\/vim\/#breadcrumb\"},\"inLanguage\":\"es\",\"potentialAction\":[{\"@type\":\"ReadAction\",\"target\":[\"https:\/\/ide-tech.com\/es\/vim\/\"]}]},{\"@type\":\"ImageObject\",\"inLanguage\":\"es\",\"@id\":\"https:\/\/ide-tech.com\/es\/vim\/#primaryimage\",\"url\":\"https:\/\/ide-tech.com\/wp-content\/uploads\/2023\/01\/Screen-Shot-2023-01-22-at-14.54.50-300x90.png\",\"contentUrl\":\"https:\/\/ide-tech.com\/wp-content\/uploads\/2023\/01\/Screen-Shot-2023-01-22-at-14.54.50-300x90.png\"},{\"@type\":\"BreadcrumbList\",\"@id\":\"https:\/\/ide-tech.com\/es\/vim\/#breadcrumb\",\"itemListElement\":[{\"@type\":\"ListItem\",\"position\":1,\"name\":\"Home\",\"item\":\"https:\/\/ide-tech.com\/es\/hogar\/\"},{\"@type\":\"ListItem\",\"position\":2,\"name\":\"VIM\"}]},{\"@type\":\"WebSite\",\"@id\":\"https:\/\/ide-tech.com\/en\/#website\",\"url\":\"https:\/\/ide-tech.com\/en\/\",\"name\":\"IDE Tech\",\"description\":\"Your Water Partner\",\"potentialAction\":[{\"@type\":\"SearchAction\",\"target\":{\"@type\":\"EntryPoint\",\"urlTemplate\":\"https:\/\/ide-tech.com\/en\/?s={search_term_string}\"},\"query-input\":{\"@type\":\"PropertyValueSpecification\",\"valueRequired\":true,\"valueName\":\"search_term_string\"}}],\"inLanguage\":\"es\"}]}<\/script>\n<!-- \/ Yoast SEO plugin. -->","yoast_head_json":{"title":"VIM | IDE Tech","description":"El generador de nieve VIM permite separar eficazmente la sal al convertir el concentrado en nieve cristalizada mediante una tecnolog\u00eda de congelaci\u00f3n controlada.","robots":{"index":"index","follow":"follow","max-snippet":"max-snippet:-1","max-image-preview":"max-image-preview:large","max-video-preview":"max-video-preview:-1"},"canonical":"https:\/\/ide-tech.com\/es\/vim\/","og_locale":"es_ES","og_type":"article","og_title":"VIM | IDE Tech","og_description":"El generador de nieve VIM permite separar eficazmente la sal al convertir el concentrado en nieve cristalizada mediante una tecnolog\u00eda de congelaci\u00f3n controlada.","og_url":"https:\/\/ide-tech.com\/es\/vim\/","og_site_name":"IDE Tech","og_image":[{"width":1286,"height":384,"url":"https:\/\/ide-tech.com\/wp-content\/uploads\/2023\/01\/Screen-Shot-2023-01-22-at-14.54.50.png","type":"image\/png"}],"twitter_card":"summary_large_image","twitter_misc":{"Tiempo de lectura":"1 minuto"},"schema":{"@context":"https:\/\/schema.org","@graph":[{"@type":"WebPage","@id":"https:\/\/ide-tech.com\/es\/vim\/","url":"https:\/\/ide-tech.com\/es\/vim\/","name":"VIM | IDE Tech","isPartOf":{"@id":"https:\/\/ide-tech.com\/en\/#website"},"primaryImageOfPage":{"@id":"https:\/\/ide-tech.com\/es\/vim\/#primaryimage"},"image":{"@id":"https:\/\/ide-tech.com\/es\/vim\/#primaryimage"},"thumbnailUrl":"https:\/\/ide-tech.com\/wp-content\/uploads\/2023\/01\/Screen-Shot-2023-01-22-at-14.54.50-300x90.png","datePublished":"2023-01-22T12:42:47+00:00","description":"El generador de nieve VIM permite separar eficazmente la sal al convertir el concentrado en nieve cristalizada mediante una tecnolog\u00eda de congelaci\u00f3n controlada.","breadcrumb":{"@id":"https:\/\/ide-tech.com\/es\/vim\/#breadcrumb"},"inLanguage":"es","potentialAction":[{"@type":"ReadAction","target":["https:\/\/ide-tech.com\/es\/vim\/"]}]},{"@type":"ImageObject","inLanguage":"es","@id":"https:\/\/ide-tech.com\/es\/vim\/#primaryimage","url":"https:\/\/ide-tech.com\/wp-content\/uploads\/2023\/01\/Screen-Shot-2023-01-22-at-14.54.50-300x90.png","contentUrl":"https:\/\/ide-tech.com\/wp-content\/uploads\/2023\/01\/Screen-Shot-2023-01-22-at-14.54.50-300x90.png"},{"@type":"BreadcrumbList","@id":"https:\/\/ide-tech.com\/es\/vim\/#breadcrumb","itemListElement":[{"@type":"ListItem","position":1,"name":"Home","item":"https:\/\/ide-tech.com\/es\/hogar\/"},{"@type":"ListItem","position":2,"name":"VIM"}]},{"@type":"WebSite","@id":"https:\/\/ide-tech.com\/en\/#website","url":"https:\/\/ide-tech.com\/en\/","name":"IDE Tech","description":"Your Water Partner","potentialAction":[{"@type":"SearchAction","target":{"@type":"EntryPoint","urlTemplate":"https:\/\/ide-tech.com\/en\/?s={search_term_string}"},"query-input":{"@type":"PropertyValueSpecification","valueRequired":true,"valueName":"search_term_string"}}],"inLanguage":"es"}]}},"_links":{"self":[{"href":"https:\/\/ide-tech.com\/es\/wp-json\/wp\/v2\/pages\/10306","targetHints":{"allow":["GET"]}}],"collection":[{"href":"https:\/\/ide-tech.com\/es\/wp-json\/wp\/v2\/pages"}],"about":[{"href":"https:\/\/ide-tech.com\/es\/wp-json\/wp\/v2\/types\/page"}],"author":[{"embeddable":true,"href":"https:\/\/ide-tech.com\/es\/wp-json\/wp\/v2\/users\/28"}],"replies":[{"embeddable":true,"href":"https:\/\/ide-tech.com\/es\/wp-json\/wp\/v2\/comments?post=10306"}],"version-history":[{"count":0,"href":"https:\/\/ide-tech.com\/es\/wp-json\/wp\/v2\/pages\/10306\/revisions"}],"wp:attachment":[{"href":"https:\/\/ide-tech.com\/es\/wp-json\/wp\/v2\/media?parent=10306"}],"curies":[{"name":"wp","href":"https:\/\/api.w.org\/{rel}","templated":true}]}}