{"id":9164,"date":"2024-08-11T13:19:51","date_gmt":"2024-08-11T13:19:51","guid":{"rendered":"https:\/\/staging.ide-tech.com\/?page_id=9164"},"modified":"2024-08-11T13:38:32","modified_gmt":"2024-08-11T13:38:32","slug":"reporting-channel-spanish","status":"publish","type":"page","link":"https:\/\/ide-tech.com\/en\/reporting-channel-spanish\/","title":{"rendered":"CANAL DE REPORTE"},"content":{"rendered":"<p>&nbsp;<\/p>\n<p><em>Cumpliendo con las Leyes n\u00fameros 20.393 y 21.595 de la Rep\u00fablica de Chile, y en l\u00ednea con nuestras pol\u00edticas de cumplimiento y \u00e9tica, IDE CHILE SpA ha establecido un canal de denuncias que se denomina \u201c<strong>Canal de Reporte<\/strong>\u201d para que nuestros trabajadores, clientes, proveedores, asesores y cualquier persona interesada puedan reportar, de manera confidencial y segura, cualquier conducta que pueda constituir un delito seg\u00fan las normas legales de la Rep\u00fablica de Chile o una infracci\u00f3n a nuestras pol\u00edticas y procedimientos internos.<\/em><\/p>\n<p><em>\u00a0<\/em><em>Este \u201c<strong>Canal de Reporte<\/strong>\u201d, est\u00e1 dise\u00f1ado para denunciar cualquier conducta il\u00edcita, relacionada con delitos econ\u00f3micos y atentados contra el medioambiente, entre los cuales se incluyen el lavado de activos, financiamiento del terrorismo, cohecho y otros actos contra la probidad administrativa, as\u00ed como cualquier comportamiento que infrinja nuestros valores y c\u00f3digos de conducta.<\/em><\/p>\n<p><strong><em>\u00bfQu\u00e9 puedes denunciar?<\/em><\/strong><\/p>\n<ul>\n<li><em> Delitos de Mercado de Valores y delitos bancarios<\/em><\/li>\n<li><em> Delitos tributarios y contra el medio ambiente<\/em><\/li>\n<li><em> Malversaci\u00f3n de caudales p\u00fablicos y cohecho a funcionario p\u00fablico<\/em><\/li>\n<li><em> Lavado de activos y receptaci\u00f3n<\/em><\/li>\n<li><em> Financiamiento del terrorismo<\/em><\/li>\n<li><em> Actos contra la probidad administrativa<\/em><\/li>\n<li><em> Cualquier otro comportamiento que infrinja las leyes, nuestros valores y c\u00f3digos de conducta, como acoso laboral, discriminaci\u00f3n, conflicto de intereses, uso indebido de informaci\u00f3n confidencial, entre otros.<\/em><\/li>\n<\/ul>\n<p><em>\u00a0<\/em><\/p>\n<p><strong><em>Confidencialidad y Protecci\u00f3n<\/em><\/strong><\/p>\n<p><em>Nos comprometemos a garantizar la confidencialidad y el anonimato de todas las denuncias realizadas a trav\u00e9s de nuestro \u201c<strong>Canal de Reporte<\/strong>\u201d. La identidad de los denunciantes ser\u00e1 protegida en todo momento y no habr\u00e1 represalias por reportar de buena fe cualquier comportamiento inapropiado. Adem\u00e1s, contamos con medidas de seguridad y protocolos de manejo de informaci\u00f3n para garantizar la integridad y confidencialidad de los datos proporcionados.<\/em><\/p>\n<p><em>\u00a0<\/em><\/p>\n<p><strong><em>\u00bfC\u00f3mo realizar una denuncia?<\/em><\/strong><\/p>\n<p><em>Puedes acceder a nuestro \u201c<strong>Canal de Reporte<\/strong>\u201d a trav\u00e9s del siguiente link: <a href=\"mailto:report.channel@ide-tech.com\" target=\"_blank\" rel=\"noopener\"><strong>Canal de reportes<\/strong><\/a>. Te solicitamos que proporciones la mayor cantidad de detalles posibles sobre el comportamiento denunciado, incluyendo fechas, lugares, nombres y cualquier otra informaci\u00f3n relevante para llevar a cabo una investigaci\u00f3n adecuada. No es necesario que reveles tu identidad, pero si lo haces, nos aseguraremos de mantenerla confidencial.<\/em><\/p>\n<p><em>\u00a0<\/em><\/p>\n<p><strong><em>Seguimiento de Denuncias<\/em><\/strong><\/p>\n<p><em>Cada denuncia recibida ser\u00e1 revisada por nuestra Gerencia de <\/em><em>Recursos Humanos <\/em><em>y Asesores<\/em><em>. Se llevar\u00e1n a cabo investigaciones rigurosas y, si es necesario, se tomar\u00e1n las acciones correctivas pertinentes. Los denunciantes, en la medida de lo posible, y se indican formalmente un medio de comunicaci\u00f3n confidencial, ser\u00e1n informados sobre el progreso y los resultados de sus denuncias, respetando siempre la confidencialidad del proceso.<\/p>\n<p><\/em><\/p>\n<p><em>IDE CHILE SpA est\u00e1 comprometida con la comunidad, la legislaci\u00f3n, la \u00e9tica empresarial, el medio ambiente, la calidad y excelencia, con la prevenci\u00f3n de delitos y a mantener un entorno transparente. Por ello, tu colaboraci\u00f3n es fundamental para ayudarnos a cumplir con este compromiso. Si tienes alguna pregunta o necesitas m\u00e1s informaci\u00f3n sobre nuestro \u201c<strong>Canal de Reporte<\/strong>\u201d, no dudes en contactarnos. <\/em><em>Desde ya, agradecemos tu cooperaci\u00f3n.<\/em><\/p>\n","protected":false},"excerpt":{"rendered":"<p>&nbsp; Cumpliendo con las Leyes n\u00fameros 20.393 y 21.595 de la Rep\u00fablica de Chile, y en l\u00ednea con nuestras pol\u00edticas de cumplimiento y \u00e9tica, IDE CHILE SpA ha establecido un canal de denuncias que se denomina \u201cCanal de Reporte\u201d para que nuestros trabajadores, clientes, proveedores, asesores y cualquier persona interesada puedan reportar, de manera confidencial [&hellip;]<\/p>\n","protected":false},"author":4,"featured_media":0,"parent":0,"menu_order":13,"comment_status":"closed","ping_status":"closed","template":"","meta":{"_acf_changed":false,"inline_featured_image":false,"footnotes":""},"class_list":["post-9164","page","type-page","status-publish","hentry"],"acf":[],"yoast_head":"<!-- This site is optimized with the Yoast SEO plugin v27.0 - https:\/\/yoast.com\/product\/yoast-seo-wordpress\/ -->\n<title>CANAL DE REPORTE | IDE Tech<\/title>\n<meta name=\"robots\" content=\"index, follow, max-snippet:-1, max-image-preview:large, max-video-preview:-1\" \/>\n<link rel=\"canonical\" href=\"https:\/\/ide-tech.com\/en\/reporting-channel-spanish\/\" \/>\n<meta property=\"og:locale\" content=\"en_US\" \/>\n<meta property=\"og:type\" content=\"article\" \/>\n<meta property=\"og:title\" content=\"CANAL DE REPORTE | IDE Tech\" \/>\n<meta property=\"og:description\" content=\"&nbsp; Cumpliendo con las Leyes n\u00fameros 20.393 y 21.595 de la Rep\u00fablica de Chile, y en l\u00ednea con nuestras pol\u00edticas de cumplimiento y \u00e9tica, IDE CHILE SpA ha establecido un canal de denuncias que se denomina \u201cCanal de Reporte\u201d para que nuestros trabajadores, clientes, proveedores, asesores y cualquier persona interesada puedan reportar, de manera confidencial [&hellip;]\" \/>\n<meta property=\"og:url\" content=\"https:\/\/ide-tech.com\/en\/reporting-channel-spanish\/\" \/>\n<meta property=\"og:site_name\" content=\"IDE Tech\" \/>\n<meta property=\"article:modified_time\" content=\"2024-08-11T13:38:32+00:00\" \/>\n<meta name=\"twitter:card\" content=\"summary_large_image\" \/>\n<meta name=\"twitter:label1\" content=\"Est. reading time\" \/>\n\t<meta name=\"twitter:data1\" content=\"3 minutes\" \/>\n<script type=\"application\/ld+json\" class=\"yoast-schema-graph\">{\"@context\":\"https:\/\/schema.org\",\"@graph\":[{\"@type\":\"WebPage\",\"@id\":\"https:\/\/ide-tech.com\/en\/reporting-channel-spanish\/\",\"url\":\"https:\/\/ide-tech.com\/en\/reporting-channel-spanish\/\",\"name\":\"CANAL DE REPORTE | IDE Tech\",\"isPartOf\":{\"@id\":\"https:\/\/ide-tech.com\/en\/#website\"},\"datePublished\":\"2024-08-11T13:19:51+00:00\",\"dateModified\":\"2024-08-11T13:38:32+00:00\",\"breadcrumb\":{\"@id\":\"https:\/\/ide-tech.com\/en\/reporting-channel-spanish\/#breadcrumb\"},\"inLanguage\":\"en-US\",\"potentialAction\":[{\"@type\":\"ReadAction\",\"target\":[\"https:\/\/ide-tech.com\/en\/reporting-channel-spanish\/\"]}]},{\"@type\":\"BreadcrumbList\",\"@id\":\"https:\/\/ide-tech.com\/en\/reporting-channel-spanish\/#breadcrumb\",\"itemListElement\":[{\"@type\":\"ListItem\",\"position\":1,\"name\":\"Home\",\"item\":\"https:\/\/ide-tech.com\/en\/\"},{\"@type\":\"ListItem\",\"position\":2,\"name\":\"CANAL DE REPORTE\"}]},{\"@type\":\"WebSite\",\"@id\":\"https:\/\/ide-tech.com\/en\/#website\",\"url\":\"https:\/\/ide-tech.com\/en\/\",\"name\":\"IDE Tech\",\"description\":\"Your Water Partner\",\"potentialAction\":[{\"@type\":\"SearchAction\",\"target\":{\"@type\":\"EntryPoint\",\"urlTemplate\":\"https:\/\/ide-tech.com\/en\/?s={search_term_string}\"},\"query-input\":{\"@type\":\"PropertyValueSpecification\",\"valueRequired\":true,\"valueName\":\"search_term_string\"}}],\"inLanguage\":\"en-US\"}]}<\/script>\n<!-- \/ Yoast SEO plugin. -->","yoast_head_json":{"title":"CANAL DE REPORTE | IDE Tech","robots":{"index":"index","follow":"follow","max-snippet":"max-snippet:-1","max-image-preview":"max-image-preview:large","max-video-preview":"max-video-preview:-1"},"canonical":"https:\/\/ide-tech.com\/en\/reporting-channel-spanish\/","og_locale":"en_US","og_type":"article","og_title":"CANAL DE REPORTE | IDE Tech","og_description":"&nbsp; Cumpliendo con las Leyes n\u00fameros 20.393 y 21.595 de la Rep\u00fablica de Chile, y en l\u00ednea con nuestras pol\u00edticas de cumplimiento y \u00e9tica, IDE CHILE SpA ha establecido un canal de denuncias que se denomina \u201cCanal de Reporte\u201d para que nuestros trabajadores, clientes, proveedores, asesores y cualquier persona interesada puedan reportar, de manera confidencial [&hellip;]","og_url":"https:\/\/ide-tech.com\/en\/reporting-channel-spanish\/","og_site_name":"IDE Tech","article_modified_time":"2024-08-11T13:38:32+00:00","twitter_card":"summary_large_image","twitter_misc":{"Est. reading time":"3 minutes"},"schema":{"@context":"https:\/\/schema.org","@graph":[{"@type":"WebPage","@id":"https:\/\/ide-tech.com\/en\/reporting-channel-spanish\/","url":"https:\/\/ide-tech.com\/en\/reporting-channel-spanish\/","name":"CANAL DE REPORTE | IDE Tech","isPartOf":{"@id":"https:\/\/ide-tech.com\/en\/#website"},"datePublished":"2024-08-11T13:19:51+00:00","dateModified":"2024-08-11T13:38:32+00:00","breadcrumb":{"@id":"https:\/\/ide-tech.com\/en\/reporting-channel-spanish\/#breadcrumb"},"inLanguage":"en-US","potentialAction":[{"@type":"ReadAction","target":["https:\/\/ide-tech.com\/en\/reporting-channel-spanish\/"]}]},{"@type":"BreadcrumbList","@id":"https:\/\/ide-tech.com\/en\/reporting-channel-spanish\/#breadcrumb","itemListElement":[{"@type":"ListItem","position":1,"name":"Home","item":"https:\/\/ide-tech.com\/en\/"},{"@type":"ListItem","position":2,"name":"CANAL DE REPORTE"}]},{"@type":"WebSite","@id":"https:\/\/ide-tech.com\/en\/#website","url":"https:\/\/ide-tech.com\/en\/","name":"IDE Tech","description":"Your Water Partner","potentialAction":[{"@type":"SearchAction","target":{"@type":"EntryPoint","urlTemplate":"https:\/\/ide-tech.com\/en\/?s={search_term_string}"},"query-input":{"@type":"PropertyValueSpecification","valueRequired":true,"valueName":"search_term_string"}}],"inLanguage":"en-US"}]}},"_links":{"self":[{"href":"https:\/\/ide-tech.com\/en\/wp-json\/wp\/v2\/pages\/9164","targetHints":{"allow":["GET"]}}],"collection":[{"href":"https:\/\/ide-tech.com\/en\/wp-json\/wp\/v2\/pages"}],"about":[{"href":"https:\/\/ide-tech.com\/en\/wp-json\/wp\/v2\/types\/page"}],"author":[{"embeddable":true,"href":"https:\/\/ide-tech.com\/en\/wp-json\/wp\/v2\/users\/4"}],"replies":[{"embeddable":true,"href":"https:\/\/ide-tech.com\/en\/wp-json\/wp\/v2\/comments?post=9164"}],"version-history":[{"count":7,"href":"https:\/\/ide-tech.com\/en\/wp-json\/wp\/v2\/pages\/9164\/revisions"}],"predecessor-version":[{"id":9175,"href":"https:\/\/ide-tech.com\/en\/wp-json\/wp\/v2\/pages\/9164\/revisions\/9175"}],"wp:attachment":[{"href":"https:\/\/ide-tech.com\/en\/wp-json\/wp\/v2\/media?parent=9164"}],"curies":[{"name":"wp","href":"https:\/\/api.w.org\/{rel}","templated":true}]}}